{"id":1151,"date":"2021-01-22T22:07:13","date_gmt":"2021-01-22T21:07:13","guid":{"rendered":"https:\/\/www.frauen-von-schoenstatt.de\/en-medio-del-mundo\/rincon-creativo\/"},"modified":"2021-02-06T18:29:34","modified_gmt":"2021-02-06T17:29:34","slug":"rincon-creativo","status":"publish","type":"page","link":"https:\/\/www.frauen-von-schoenstatt.de\/es\/en-medio-del-mundo\/rincon-creativo\/","title":{"rendered":"Rinc\u00f3n creativo"},"content":{"rendered":"\t\t<div data-elementor-type=\"wp-page\" data-elementor-id=\"1151\" class=\"elementor elementor-1151 elementor-53\" data-elementor-post-type=\"page\">\n\t\t\t\t\t\t<section class=\"elementor-section elementor-top-section elementor-element elementor-element-51ede92e elementor-section-height-min-height elementor-section-boxed elementor-section-height-default elementor-section-items-middle elementor-columns-alignment-fix-enabled\" data-id=\"51ede92e\" data-element_type=\"section\" data-e-type=\"section\" data-settings=\"{&quot;background_background&quot;:&quot;classic&quot;,&quot;background_motion_fx_motion_fx_scrolling&quot;:&quot;yes&quot;,&quot;background_motion_fx_translateY_effect&quot;:&quot;yes&quot;,&quot;background_motion_fx_translateY_direction&quot;:&quot;negative&quot;,&quot;background_motion_fx_translateY_speed&quot;:{&quot;unit&quot;:&quot;px&quot;,&quot;size&quot;:5,&quot;sizes&quot;:[]},&quot;background_motion_fx_translateY_affectedRange&quot;:{&quot;unit&quot;:&quot;%&quot;,&quot;size&quot;:&quot;&quot;,&quot;sizes&quot;:{&quot;start&quot;:0,&quot;end&quot;:100}},&quot;background_motion_fx_devices&quot;:[&quot;desktop&quot;,&quot;tablet&quot;,&quot;mobile&quot;]}\">\n\t\t\t\t\t\t<div class=\"elementor-container elementor-column-gap-default\">\n\t\t\t\t\t<div class=\"elementor-column elementor-col-100 elementor-top-column elementor-element elementor-element-10139914\" data-id=\"10139914\" data-element_type=\"column\" data-e-type=\"column\" data-settings=\"{&quot;background_background&quot;:&quot;classic&quot;}\">\n\t\t\t<div class=\"elementor-widget-wrap\">\n\t\t\t\t\t\t\t<\/div>\n\t\t<\/div>\n\t\t\t\t\t<\/div>\n\t\t<\/section>\n\t\t\t\t<section class=\"elementor-section elementor-top-section elementor-element elementor-element-b449102 elementor-section-boxed elementor-section-height-default elementor-section-height-default elementor-columns-alignment-fix-enabled\" data-id=\"b449102\" data-element_type=\"section\" data-e-type=\"section\">\n\t\t\t\t\t\t<div class=\"elementor-container elementor-column-gap-default\">\n\t\t\t\t\t<div class=\"elementor-column elementor-col-100 elementor-top-column elementor-element elementor-element-72fb73f\" data-id=\"72fb73f\" data-element_type=\"column\" data-e-type=\"column\">\n\t\t\t<div class=\"elementor-widget-wrap elementor-element-populated\">\n\t\t\t\t\t\t<div class=\"elementor-element elementor-element-0bba50f elementor-widget elementor-widget-heading\" data-id=\"0bba50f\" data-element_type=\"widget\" data-e-type=\"widget\" data-widget_type=\"heading.default\">\n\t\t\t\t<div class=\"elementor-widget-container\">\n\t\t\t\t\t<h1 class=\"elementor-heading-title elementor-size-default\">De entre nosotras<\/h1>\t\t\t\t<\/div>\n\t\t\t\t<\/div>\n\t\t\t\t\t<\/div>\n\t\t<\/div>\n\t\t\t\t\t<\/div>\n\t\t<\/section>\n\t\t\t\t<section class=\"elementor-section elementor-top-section elementor-element elementor-element-47900b2 elementor-section-boxed elementor-section-height-default elementor-section-height-default elementor-columns-alignment-fix-enabled\" data-id=\"47900b2\" data-element_type=\"section\" data-e-type=\"section\">\n\t\t\t\t\t\t<div class=\"elementor-container elementor-column-gap-default\">\n\t\t\t\t\t<div class=\"elementor-column elementor-col-66 elementor-top-column elementor-element elementor-element-793cc3c\" data-id=\"793cc3c\" data-element_type=\"column\" data-e-type=\"column\">\n\t\t\t<div class=\"elementor-widget-wrap elementor-element-populated\">\n\t\t\t\t\t\t<div class=\"elementor-element elementor-element-5480657 elementor-widget elementor-widget-text-editor\" data-id=\"5480657\" data-element_type=\"widget\" data-e-type=\"widget\" data-widget_type=\"text-editor.default\">\n\t\t\t\t<div class=\"elementor-widget-container\">\n\t\t\t\t\t\t\t\t\t<p>Las se\u00f1oras de Schoenstatt ejercen su actividad en diferentes \u00e1mbitos y de m\u00faltiples maneras, tanto en su profesi\u00f3n como en actividades de voluntariado. Algunas expresan de forma creativa lo que viven interiormente, lo que las motiva y lo que encuentran en la vida. Estas variadas expresiones de vida enriquecen nuestra propia comunidad y despiertan tambi\u00e9n en otras personas y comunidades nueva vida: \u00abLa vida se enciende en la vida\u00bb (J. Kentenich). \u00bfSer\u00e1 as\u00ed tambi\u00e9n aqu\u00ed, en Internet?   <\/p>\n<p>Muestras de la creatividad de las se\u00f1oras de Schoenstatt para que podamos ver, escuchar, leer, tocar y, de ese modo, enriquecernos y, tal vez, recibir impulso para nuestra propia vida.<\/p>\n\t\t\t\t\t\t\t\t<\/div>\n\t\t\t\t<\/div>\n\t\t\t\t\t<\/div>\n\t\t<\/div>\n\t\t\t\t<div class=\"elementor-column elementor-col-33 elementor-top-column elementor-element elementor-element-af8e66f\" data-id=\"af8e66f\" data-element_type=\"column\" data-e-type=\"column\">\n\t\t\t<div class=\"elementor-widget-wrap\">\n\t\t\t\t\t\t\t<\/div>\n\t\t<\/div>\n\t\t\t\t\t<\/div>\n\t\t<\/section>\n\t\t\t\t<section class=\"elementor-section elementor-top-section elementor-element elementor-element-540a4fe elementor-section-boxed elementor-section-height-default elementor-section-height-default elementor-columns-alignment-fix-enabled\" data-id=\"540a4fe\" data-element_type=\"section\" data-e-type=\"section\">\n\t\t\t\t\t\t<div class=\"elementor-container elementor-column-gap-default\">\n\t\t\t\t\t<div class=\"elementor-column elementor-col-100 elementor-top-column elementor-element elementor-element-c50ea3a\" data-id=\"c50ea3a\" data-element_type=\"column\" data-e-type=\"column\">\n\t\t\t<div class=\"elementor-widget-wrap elementor-element-populated\">\n\t\t\t\t\t\t<div class=\"elementor-element elementor-element-98c980b elementor-grid-eael-col-2 elementor-grid-tablet-eael-col-2 elementor-grid-mobile-eael-col-1 elementor-widget elementor-widget-eael-post-grid\" data-id=\"98c980b\" data-element_type=\"widget\" data-e-type=\"widget\" data-settings=\"{&quot;eael_post_grid_columns&quot;:&quot;eael-col-2&quot;,&quot;eael_post_grid_columns_tablet&quot;:&quot;eael-col-2&quot;,&quot;eael_post_grid_columns_mobile&quot;:&quot;eael-col-1&quot;}\" data-widget_type=\"eael-post-grid.default\">\n\t\t\t\t<div class=\"elementor-widget-container\">\n\t\t\t\t\t<div id=\"eael-post-grid-98c980b\" class=\"eael-post-grid-container\">\n            <div class=\"eael-post-grid eael-post-appender eael-post-appender-98c980b eael-post-grid-style-one\" data-layout-mode=\"masonry\"><article class=\"eael-grid-post  eael-post-grid-column eael-pg-post-1262\" data-id=\"1262\">\n        <div class=\"eael-grid-post-holder\">\n            <div class=\"eael-grid-post-holder-inner\"><div class=\"eael-entry-media\"><div class=\"eael-entry-overlay zoom-in\"><i class=\"fas fa-search-plus\" aria-hidden=\"true\"><\/i><a href=\"https:\/\/www.frauen-von-schoenstatt.de\/es\/rincon-creativo\/242morrow-cantos-de-b-chmielewska-y-de-g-wackerbauer\/\"><\/a><\/div><div class=\"eael-entry-thumbnail \">\n                <img fetchpriority=\"high\" decoding=\"async\" width=\"600\" height=\"400\" src=\"https:\/\/www.frauen-von-schoenstatt.de\/wp-content\/uploads\/2020\/03\/20200330_164011-COLLAGE-600x400.jpg\" class=\"attachment-grid_thumbnail size-grid_thumbnail wp-image-1029\" alt=\"\" \/>\n            <\/div>\n        <\/div><div class=\"eael-entry-wrapper\"><header class=\"eael-entry-header\"><h2 class=\"eael-entry-title\"><a class=\"eael-grid-post-link\" href=\"https:\/\/www.frauen-von-schoenstatt.de\/es\/rincon-creativo\/242morrow-cantos-de-b-chmielewska-y-de-g-wackerbauer\/\" title=\"242morrow \u2013 Cantos de B. Chmielewska y de G. Wackerbauer\">242morrow \u2013 Cantos de B. Chmielewska y de G. Wackerbauer<\/a><\/h2><\/header><\/div><\/div>\n        <\/div>\n    <\/article><article class=\"eael-grid-post  eael-post-grid-column eael-pg-post-1269\" data-id=\"1269\">\n        <div class=\"eael-grid-post-holder\">\n            <div class=\"eael-grid-post-holder-inner\"><div class=\"eael-entry-media\"><div class=\"eael-entry-overlay zoom-in\"><i class=\"fas fa-search-plus\" aria-hidden=\"true\"><\/i><a href=\"https:\/\/www.frauen-von-schoenstatt.de\/es\/rincon-creativo\/lieder-von-getraud-wackerbauer\/\"><\/a><\/div><div class=\"eael-entry-thumbnail \">\n                <img decoding=\"async\" width=\"600\" height=\"400\" src=\"https:\/\/www.frauen-von-schoenstatt.de\/wp-content\/uploads\/2020\/01\/20200109_155723-600x400.jpg\" class=\"attachment-grid_thumbnail size-grid_thumbnail wp-image-1018\" alt=\"\" \/>\n            <\/div>\n        <\/div><div class=\"eael-entry-wrapper\"><header class=\"eael-entry-header\"><h2 class=\"eael-entry-title\"><a class=\"eael-grid-post-link\" href=\"https:\/\/www.frauen-von-schoenstatt.de\/es\/rincon-creativo\/lieder-von-getraud-wackerbauer\/\" title=\"T\u00fa, soy yo [Du, ich bin\u2019s] &#8211; Canciones y textos de G. Wackerbauer\">T\u00fa, soy yo [Du, ich bin\u2019s] &#8211; Canciones y textos de G. Wackerbauer<\/a><\/h2><\/header><\/div><\/div>\n        <\/div>\n    <\/article><article class=\"eael-grid-post  eael-post-grid-column eael-pg-post-1274\" data-id=\"1274\">\n        <div class=\"eael-grid-post-holder\">\n            <div class=\"eael-grid-post-holder-inner\"><div class=\"eael-entry-media\"><div class=\"eael-entry-overlay zoom-in\"><i class=\"fas fa-search-plus\" aria-hidden=\"true\"><\/i><a href=\"https:\/\/www.frauen-von-schoenstatt.de\/es\/rincon-creativo\/bilder-von-petra-siefermann\/\"><\/a><\/div><div class=\"eael-entry-thumbnail \">\n                <img decoding=\"async\" width=\"600\" height=\"400\" src=\"https:\/\/www.frauen-von-schoenstatt.de\/wp-content\/uploads\/2020\/01\/Osterexplosion-600x400.jpg\" class=\"attachment-grid_thumbnail size-grid_thumbnail wp-image-1013\" alt=\"\" \/>\n            <\/div>\n        <\/div><div class=\"eael-entry-wrapper\"><header class=\"eael-entry-header\"><h2 class=\"eael-entry-title\"><a class=\"eael-grid-post-link\" href=\"https:\/\/www.frauen-von-schoenstatt.de\/es\/rincon-creativo\/bilder-von-petra-siefermann\/\" title=\"Explosi\u00f3n de Pascua \u2013 Im\u00e1genes de P. Siefermann\">Explosi\u00f3n de Pascua \u2013 Im\u00e1genes de P. Siefermann<\/a><\/h2><\/header><\/div><\/div>\n        <\/div>\n    <\/article><article class=\"eael-grid-post  eael-post-grid-column eael-pg-post-1278\" data-id=\"1278\">\n        <div class=\"eael-grid-post-holder\">\n            <div class=\"eael-grid-post-holder-inner\"><div class=\"eael-entry-media\"><div class=\"eael-entry-overlay zoom-in\"><i class=\"fas fa-search-plus\" aria-hidden=\"true\"><\/i><a href=\"https:\/\/www.frauen-von-schoenstatt.de\/es\/rincon-creativo\/heilige-wuerze\/\"><\/a><\/div><div class=\"eael-entry-thumbnail \">\n                <img loading=\"lazy\" decoding=\"async\" width=\"600\" height=\"400\" src=\"https:\/\/www.frauen-von-schoenstatt.de\/wp-content\/uploads\/2019\/12\/IMG_2181-600x400.jpg\" class=\"attachment-grid_thumbnail size-grid_thumbnail wp-image-1011\" alt=\"\" \/>\n            <\/div>\n        <\/div><div class=\"eael-entry-wrapper\"><header class=\"eael-entry-header\"><h2 class=\"eael-entry-title\"><a class=\"eael-grid-post-link\" href=\"https:\/\/www.frauen-von-schoenstatt.de\/es\/rincon-creativo\/heilige-wuerze\/\" title=\"Sabor santo \u2013 Textos de M.-L. Langwald\">Sabor santo \u2013 Textos de M.-L. Langwald<\/a><\/h2><\/header><\/div><\/div>\n        <\/div>\n    <\/article><article class=\"eael-grid-post  eael-post-grid-column eael-pg-post-1282\" data-id=\"1282\">\n        <div class=\"eael-grid-post-holder\">\n            <div class=\"eael-grid-post-holder-inner\"><div class=\"eael-entry-media\"><div class=\"eael-entry-overlay zoom-in\"><i class=\"fas fa-search-plus\" aria-hidden=\"true\"><\/i><a href=\"https:\/\/www.frauen-von-schoenstatt.de\/es\/rincon-creativo\/mit-dir\/\"><\/a><\/div><div class=\"eael-entry-thumbnail \">\n                <img loading=\"lazy\" decoding=\"async\" width=\"600\" height=\"400\" src=\"https:\/\/www.frauen-von-schoenstatt.de\/wp-content\/uploads\/2019\/12\/20200204_140613-600x400.jpg\" class=\"attachment-grid_thumbnail size-grid_thumbnail wp-image-1027\" alt=\"\" \/>\n            <\/div>\n        <\/div><div class=\"eael-entry-wrapper\"><header class=\"eael-entry-header\"><h2 class=\"eael-entry-title\"><a class=\"eael-grid-post-link\" href=\"https:\/\/www.frauen-von-schoenstatt.de\/es\/rincon-creativo\/mit-dir\/\" title=\"Contigo \u2013 Textos de M. Kraus\">Contigo \u2013 Textos de M. Kraus<\/a><\/h2><\/header><\/div><\/div>\n        <\/div>\n    <\/article><article class=\"eael-grid-post  eael-post-grid-column eael-pg-post-1286\" data-id=\"1286\">\n        <div class=\"eael-grid-post-holder\">\n            <div class=\"eael-grid-post-holder-inner\"><div class=\"eael-entry-media\"><div class=\"eael-entry-overlay zoom-in\"><i class=\"fas fa-search-plus\" aria-hidden=\"true\"><\/i><a href=\"https:\/\/www.frauen-von-schoenstatt.de\/es\/rincon-creativo\/myriam-desoto\/\"><\/a><\/div><div class=\"eael-entry-thumbnail \">\n                <img loading=\"lazy\" decoding=\"async\" width=\"600\" height=\"400\" src=\"https:\/\/www.frauen-von-schoenstatt.de\/wp-content\/uploads\/2019\/12\/playa-600x400.jpg\" class=\"attachment-grid_thumbnail size-grid_thumbnail wp-image-1010\" alt=\"\" \/>\n            <\/div>\n        <\/div><div class=\"eael-entry-wrapper\"><header class=\"eael-entry-header\"><h2 class=\"eael-entry-title\"><a class=\"eael-grid-post-link\" href=\"https:\/\/www.frauen-von-schoenstatt.de\/es\/rincon-creativo\/myriam-desoto\/\" title=\"Playa &#8211; Im\u00e1genes de M. de Soto\">Playa &#8211; Im\u00e1genes de M. de Soto<\/a><\/h2><\/header><\/div><\/div>\n        <\/div>\n    <\/article><article class=\"eael-grid-post  eael-post-grid-column eael-pg-post-1284\" data-id=\"1284\">\n        <div class=\"eael-grid-post-holder\">\n            <div class=\"eael-grid-post-holder-inner\"><div class=\"eael-entry-media\"><div class=\"eael-entry-overlay zoom-in\"><i class=\"fas fa-search-plus\" aria-hidden=\"true\"><\/i><a href=\"https:\/\/www.frauen-von-schoenstatt.de\/es\/rincon-creativo\/maiandacht\/\"><\/a><\/div><div class=\"eael-entry-thumbnail \">\n                <img loading=\"lazy\" decoding=\"async\" width=\"600\" height=\"400\" src=\"https:\/\/www.frauen-von-schoenstatt.de\/wp-content\/uploads\/2019\/09\/20200109_152937-600x400.jpg\" class=\"attachment-grid_thumbnail size-grid_thumbnail wp-image-1017\" alt=\"\" \/>\n            <\/div>\n        <\/div><div class=\"eael-entry-wrapper\"><header class=\"eael-entry-header\"><h2 class=\"eael-entry-title\"><a class=\"eael-grid-post-link\" href=\"https:\/\/www.frauen-von-schoenstatt.de\/es\/rincon-creativo\/maiandacht\/\" title=\"Nostalgia \u2013 Textos de M.T. Gresch\">Nostalgia \u2013 Textos de M.T. Gresch<\/a><\/h2><\/header><\/div><\/div>\n        <\/div>\n    <\/article><\/div>\n            <div class=\"clearfix\"><\/div>\n        <\/div>\t\t\t\t<\/div>\n\t\t\t\t<\/div>\n\t\t\t\t\t<\/div>\n\t\t<\/div>\n\t\t\t\t\t<\/div>\n\t\t<\/section>\n\t\t\t\t<\/div>\n\t\t","protected":false},"excerpt":{"rendered":"<p>De entre nosotras Las se\u00f1oras de Schoenstatt ejercen su actividad en diferentes \u00e1mbitos y de m\u00faltiples maneras, tanto en su profesi\u00f3n como en actividades de voluntariado. Algunas expresan de forma creativa lo que viven interiormente, lo que las motiva y lo que encuentran en la vida. Estas variadas expresiones de vida enriquecen nuestra propia comunidad &#8230; <a title=\"Nostalgia \u2013 Textos de M.T. Gresch\" class=\"read-more\" href=\"https:\/\/www.frauen-von-schoenstatt.de\/es\/rincon-creativo\/maiandacht\/\" aria-label=\"Leer m\u00e1s sobre Nostalgia \u2013 Textos de M.T. Gresch\">Leer m\u00e1s<\/a><\/p>\n","protected":false},"author":1,"featured_media":967,"parent":1130,"menu_order":2,"comment_status":"closed","ping_status":"closed","template":"","meta":{"_acf_changed":false,"footnotes":""},"class_list":["post-1151","page","type-page","status-publish","has-post-thumbnail","hentry"],"acf":[],"_links":{"self":[{"href":"https:\/\/www.frauen-von-schoenstatt.de\/es\/wp-json\/wp\/v2\/pages\/1151","targetHints":{"allow":["GET"]}}],"collection":[{"href":"https:\/\/www.frauen-von-schoenstatt.de\/es\/wp-json\/wp\/v2\/pages"}],"about":[{"href":"https:\/\/www.frauen-von-schoenstatt.de\/es\/wp-json\/wp\/v2\/types\/page"}],"author":[{"embeddable":true,"href":"https:\/\/www.frauen-von-schoenstatt.de\/es\/wp-json\/wp\/v2\/users\/1"}],"replies":[{"embeddable":true,"href":"https:\/\/www.frauen-von-schoenstatt.de\/es\/wp-json\/wp\/v2\/comments?post=1151"}],"version-history":[{"count":4,"href":"https:\/\/www.frauen-von-schoenstatt.de\/es\/wp-json\/wp\/v2\/pages\/1151\/revisions"}],"predecessor-version":[{"id":1259,"href":"https:\/\/www.frauen-von-schoenstatt.de\/es\/wp-json\/wp\/v2\/pages\/1151\/revisions\/1259"}],"up":[{"embeddable":true,"href":"https:\/\/www.frauen-von-schoenstatt.de\/es\/wp-json\/wp\/v2\/pages\/1130"}],"wp:featuredmedia":[{"embeddable":true,"href":"https:\/\/www.frauen-von-schoenstatt.de\/es\/wp-json\/wp\/v2\/media\/967"}],"wp:attachment":[{"href":"https:\/\/www.frauen-von-schoenstatt.de\/es\/wp-json\/wp\/v2\/media?parent=1151"}],"curies":[{"name":"wp","href":"https:\/\/api.w.org\/{rel}","templated":true}]}}