{"id":1147,"date":"2021-01-22T22:06:06","date_gmt":"2021-01-22T21:06:06","guid":{"rendered":"https:\/\/www.frauen-von-schoenstatt.de\/en-medio-del-mundo\/que-es-lo-que-nos-une\/la-cruz-de-la-unidad\/"},"modified":"2021-02-25T16:59:42","modified_gmt":"2021-02-25T15:59:42","slug":"la-cruz-de-la-unidad","status":"publish","type":"page","link":"https:\/\/www.frauen-von-schoenstatt.de\/es\/en-medio-del-mundo\/que-es-lo-que-nos-une\/la-cruz-de-la-unidad\/","title":{"rendered":"La Cruz de la unidad"},"content":{"rendered":"\t\t<div data-elementor-type=\"wp-page\" data-elementor-id=\"1147\" class=\"elementor elementor-1147 elementor-554\" data-elementor-post-type=\"page\">\n\t\t\t\t\t\t<section class=\"elementor-section elementor-top-section elementor-element elementor-element-5d01569b elementor-section-height-min-height elementor-section-boxed elementor-section-height-default elementor-section-items-middle elementor-columns-alignment-fix-enabled\" data-id=\"5d01569b\" data-element_type=\"section\" data-e-type=\"section\" data-settings=\"{&quot;background_background&quot;:&quot;classic&quot;,&quot;background_motion_fx_motion_fx_scrolling&quot;:&quot;yes&quot;,&quot;background_motion_fx_translateY_effect&quot;:&quot;yes&quot;,&quot;background_motion_fx_translateY_direction&quot;:&quot;negative&quot;,&quot;background_motion_fx_translateY_speed&quot;:{&quot;unit&quot;:&quot;px&quot;,&quot;size&quot;:5,&quot;sizes&quot;:[]},&quot;background_motion_fx_translateY_affectedRange&quot;:{&quot;unit&quot;:&quot;%&quot;,&quot;size&quot;:&quot;&quot;,&quot;sizes&quot;:{&quot;start&quot;:0,&quot;end&quot;:100}},&quot;background_motion_fx_devices&quot;:[&quot;desktop&quot;,&quot;tablet&quot;,&quot;mobile&quot;]}\">\n\t\t\t\t\t\t<div class=\"elementor-container elementor-column-gap-default\">\n\t\t\t\t\t<div class=\"elementor-column elementor-col-100 elementor-top-column elementor-element elementor-element-7d88e00\" data-id=\"7d88e00\" data-element_type=\"column\" data-e-type=\"column\" data-settings=\"{&quot;background_background&quot;:&quot;classic&quot;}\">\n\t\t\t<div class=\"elementor-widget-wrap\">\n\t\t\t\t\t\t\t<\/div>\n\t\t<\/div>\n\t\t\t\t\t<\/div>\n\t\t<\/section>\n\t\t\t\t<section class=\"elementor-section elementor-top-section elementor-element elementor-element-3b1fa4a elementor-section-boxed elementor-section-height-default elementor-section-height-default elementor-columns-alignment-fix-enabled\" data-id=\"3b1fa4a\" data-element_type=\"section\" data-e-type=\"section\">\n\t\t\t\t\t\t<div class=\"elementor-container elementor-column-gap-default\">\n\t\t\t\t\t<div class=\"elementor-column elementor-col-100 elementor-top-column elementor-element elementor-element-59b5a2c\" data-id=\"59b5a2c\" data-element_type=\"column\" data-e-type=\"column\">\n\t\t\t<div class=\"elementor-widget-wrap elementor-element-populated\">\n\t\t\t\t\t\t<div class=\"elementor-element elementor-element-e98badd elementor-widget elementor-widget-heading\" data-id=\"e98badd\" data-element_type=\"widget\" data-e-type=\"widget\" data-widget_type=\"heading.default\">\n\t\t\t\t<div class=\"elementor-widget-container\">\n\t\t\t\t\t<h1 class=\"elementor-heading-title elementor-size-default\">La Cruz de la unidad, signo de nuestra misi\u00f3n<\/h1>\t\t\t\t<\/div>\n\t\t\t\t<\/div>\n\t\t\t\t\t<\/div>\n\t\t<\/div>\n\t\t\t\t\t<\/div>\n\t\t<\/section>\n\t\t\t\t<section class=\"elementor-section elementor-top-section elementor-element elementor-element-14692f4 elementor-section-boxed elementor-section-height-default elementor-section-height-default elementor-columns-alignment-fix-enabled\" data-id=\"14692f4\" data-element_type=\"section\" data-e-type=\"section\">\n\t\t\t\t\t\t\t<div class=\"elementor-background-overlay\"><\/div>\n\t\t\t\t\t\t\t<div class=\"elementor-container elementor-column-gap-wide\">\n\t\t\t\t\t<div class=\"elementor-column elementor-col-100 elementor-top-column elementor-element elementor-element-1ca497c\" data-id=\"1ca497c\" data-element_type=\"column\" data-e-type=\"column\">\n\t\t\t<div class=\"elementor-widget-wrap elementor-element-populated\">\n\t\t\t\t\t\t<div class=\"elementor-element elementor-element-2eb526e elementor-widget elementor-widget-text-editor\" data-id=\"2eb526e\" data-element_type=\"widget\" data-e-type=\"widget\" data-widget_type=\"text-editor.default\">\n\t\t\t\t<div class=\"elementor-widget-container\">\n\t\t\t\t\t\t\t\t\t<p>En la Cruz de la unidad, que nos regal\u00f3 nuestro fundador, el P. Jos\u00e9 Kentenich, vemos expresada nuestra misi\u00f3n como se\u00f1oras de Schoenstatt. Por eso, esta cruz es el signo de la pertenencia a nuestra comunidad: nos recuerda que, queremos cumplir nuestra tarea en el mundo y para el mundo como lo hizo Mar\u00eda al pie de la cruz.  <\/p>\n\t\t\t\t\t\t\t\t<\/div>\n\t\t\t\t<\/div>\n\t\t\t\t\t<\/div>\n\t\t<\/div>\n\t\t\t\t\t<\/div>\n\t\t<\/section>\n\t\t\t\t<section class=\"elementor-section elementor-top-section elementor-element elementor-element-d06da8b elementor-section-boxed elementor-section-height-default elementor-section-height-default elementor-columns-alignment-fix-enabled\" data-id=\"d06da8b\" data-element_type=\"section\" data-e-type=\"section\">\n\t\t\t\t\t\t<div class=\"elementor-container elementor-column-gap-wide\">\n\t\t\t\t\t<div class=\"elementor-column elementor-col-50 elementor-top-column elementor-element elementor-element-b73ac51\" data-id=\"b73ac51\" data-element_type=\"column\" data-e-type=\"column\">\n\t\t\t<div class=\"elementor-widget-wrap elementor-element-populated\">\n\t\t\t\t\t\t<div class=\"elementor-element elementor-element-35392b2 elementor-widget elementor-widget-heading\" data-id=\"35392b2\" data-element_type=\"widget\" data-e-type=\"widget\" data-widget_type=\"heading.default\">\n\t\t\t\t<div class=\"elementor-widget-container\">\n\t\t\t\t\t<h2 class=\"elementor-heading-title elementor-size-default\">Historia de la Cruz de la unidad<\/h2>\t\t\t\t<\/div>\n\t\t\t\t<\/div>\n\t\t\t\t<div class=\"elementor-element elementor-element-62576a8 elementor-widget elementor-widget-text-editor\" data-id=\"62576a8\" data-element_type=\"widget\" data-e-type=\"widget\" data-widget_type=\"text-editor.default\">\n\t\t\t\t<div class=\"elementor-widget-container\">\n\t\t\t\t\t\t\t\t\t<p><strong>A\u00f1o 1960:<\/strong> En Friburgo, Suiza, y en Santa Mar\u00eda, Brasil, unos seminaristas chilenos provenientes del Movimiento de Schoenstatt buscan la imagen de Cristo propia del fundador, el P. Jos\u00e9 Kentenich. Uno de ellos, \u00c1ngel Vicente Cerr\u00f3, plasma la Cruz de la unidad. <\/p>\n<p><strong>Navidad de 1960:<\/strong> el primer sacerdote de esa generaci\u00f3n de futuros padres de Schoenstatt que recibe la ordenaci\u00f3n lleva la Cruz de la unidad al santuario de Schoenstatt de Bellavista, en Santiago de Chile.<\/p>\n<p><strong>Noviembre de 1965:<\/strong> la Familia de Schoenstatt chilena regala la Cruz de la unidad al P. Kentenich con motivo de su 80\u00ba cumplea\u00f1os en Roma.<\/p>\n<p><strong>Diciembre de 1965:<\/strong> el P. Kentenich regala la Cruz de la unidad a la que por entonces era la provincia suaba del Instituto Nuestra Se\u00f1ora de Schoenstatt para el santuario de Schoenstatt de Stuttgart-Freiberg, donde la Cruz permanece desde 1969. <\/p>\n\t\t\t\t\t\t\t\t<\/div>\n\t\t\t\t<\/div>\n\t\t\t\t\t<\/div>\n\t\t<\/div>\n\t\t\t\t<div class=\"elementor-column elementor-col-50 elementor-top-column elementor-element elementor-element-10af16e\" data-id=\"10af16e\" data-element_type=\"column\" data-e-type=\"column\">\n\t\t\t<div class=\"elementor-widget-wrap elementor-element-populated\">\n\t\t\t\t\t\t<div class=\"elementor-element elementor-element-f4ab010 elementor-widget elementor-widget-image\" data-id=\"f4ab010\" data-element_type=\"widget\" data-e-type=\"widget\" data-widget_type=\"image.default\">\n\t\t\t\t<div class=\"elementor-widget-container\">\n\t\t\t\t\t\t\t\t\t\t\t\t<figure class=\"wp-caption\">\n\t\t\t\t\t\t\t\t\t\t<img fetchpriority=\"high\" decoding=\"async\" width=\"825\" height=\"549\" src=\"https:\/\/www.frauen-von-schoenstatt.de\/wp-content\/uploads\/2020\/01\/HerstellungKdE_-Rechte_-Sch\u00f6nstattPatresChile-1024x682.jpg\" class=\"attachment-large size-large wp-image-1023\" alt=\"\" srcset=\"https:\/\/www.frauen-von-schoenstatt.de\/wp-content\/uploads\/2020\/01\/HerstellungKdE_-Rechte_-Sch\u00f6nstattPatresChile-1024x682.jpg 1024w, https:\/\/www.frauen-von-schoenstatt.de\/wp-content\/uploads\/2020\/01\/HerstellungKdE_-Rechte_-Sch\u00f6nstattPatresChile-300x200.jpg 300w, https:\/\/www.frauen-von-schoenstatt.de\/wp-content\/uploads\/2020\/01\/HerstellungKdE_-Rechte_-Sch\u00f6nstattPatresChile-768x512.jpg 768w, https:\/\/www.frauen-von-schoenstatt.de\/wp-content\/uploads\/2020\/01\/HerstellungKdE_-Rechte_-Sch\u00f6nstattPatresChile-1536x1024.jpg 1536w, https:\/\/www.frauen-von-schoenstatt.de\/wp-content\/uploads\/2020\/01\/HerstellungKdE_-Rechte_-Sch\u00f6nstattPatresChile-600x400.jpg 600w, https:\/\/www.frauen-von-schoenstatt.de\/wp-content\/uploads\/2020\/01\/HerstellungKdE_-Rechte_-Sch\u00f6nstattPatresChile.jpg 2000w\" sizes=\"(max-width: 825px) 100vw, 825px\" \/>\t\t\t\t\t\t\t\t\t\t\t<figcaption class=\"widget-image-caption wp-caption-text\">\u00a9 Archivo de los Padres de Schoenstatt, Chile<\/figcaption>\n\t\t\t\t\t\t\t\t\t\t<\/figure>\n\t\t\t\t\t\t\t\t\t<\/div>\n\t\t\t\t<\/div>\n\t\t\t\t\t<\/div>\n\t\t<\/div>\n\t\t\t\t\t<\/div>\n\t\t<\/section>\n\t\t\t\t<section class=\"elementor-section elementor-top-section elementor-element elementor-element-b611f55 elementor-section-boxed elementor-section-height-default elementor-section-height-default elementor-columns-alignment-fix-enabled\" data-id=\"b611f55\" data-element_type=\"section\" data-e-type=\"section\">\n\t\t\t\t\t\t<div class=\"elementor-container elementor-column-gap-wide\">\n\t\t\t\t\t<div class=\"elementor-column elementor-col-50 elementor-top-column elementor-element elementor-element-d1e76fa\" data-id=\"d1e76fa\" data-element_type=\"column\" data-e-type=\"column\">\n\t\t\t<div class=\"elementor-widget-wrap elementor-element-populated\">\n\t\t\t\t\t\t<div class=\"elementor-element elementor-element-1bcc689 elementor-widget elementor-widget-image\" data-id=\"1bcc689\" data-element_type=\"widget\" data-e-type=\"widget\" data-widget_type=\"image.default\">\n\t\t\t\t<div class=\"elementor-widget-container\">\n\t\t\t\t\t\t\t\t\t\t\t\t\t\t\t<img decoding=\"async\" width=\"684\" height=\"1024\" src=\"https:\/\/www.frauen-von-schoenstatt.de\/wp-content\/uploads\/2019\/12\/IMG_0744_1335x2000-684x1024.jpg\" class=\"attachment-large size-large wp-image-997\" alt=\"\" srcset=\"https:\/\/www.frauen-von-schoenstatt.de\/wp-content\/uploads\/2019\/12\/IMG_0744_1335x2000-684x1024.jpg 684w, https:\/\/www.frauen-von-schoenstatt.de\/wp-content\/uploads\/2019\/12\/IMG_0744_1335x2000-200x300.jpg 200w, https:\/\/www.frauen-von-schoenstatt.de\/wp-content\/uploads\/2019\/12\/IMG_0744_1335x2000-768x1151.jpg 768w, https:\/\/www.frauen-von-schoenstatt.de\/wp-content\/uploads\/2019\/12\/IMG_0744_1335x2000-1025x1536.jpg 1025w, https:\/\/www.frauen-von-schoenstatt.de\/wp-content\/uploads\/2019\/12\/IMG_0744_1335x2000.jpg 1335w\" sizes=\"(max-width: 684px) 100vw, 684px\" \/>\t\t\t\t\t\t\t\t\t\t\t\t\t\t\t<\/div>\n\t\t\t\t<\/div>\n\t\t\t\t\t<\/div>\n\t\t<\/div>\n\t\t\t\t<div class=\"elementor-column elementor-col-50 elementor-top-column elementor-element elementor-element-7d75523\" data-id=\"7d75523\" data-element_type=\"column\" data-e-type=\"column\">\n\t\t\t<div class=\"elementor-widget-wrap elementor-element-populated\">\n\t\t\t\t\t\t<div class=\"elementor-element elementor-element-8c8a9fa elementor-widget elementor-widget-heading\" data-id=\"8c8a9fa\" data-element_type=\"widget\" data-e-type=\"widget\" data-widget_type=\"heading.default\">\n\t\t\t\t<div class=\"elementor-widget-container\">\n\t\t\t\t\t<h2 class=\"elementor-heading-title elementor-size-default\">El significado de la Cruz de la unidad <\/h2>\t\t\t\t<\/div>\n\t\t\t\t<\/div>\n\t\t\t\t<div class=\"elementor-element elementor-element-b42b884 elementor-widget elementor-widget-text-editor\" data-id=\"b42b884\" data-element_type=\"widget\" data-e-type=\"widget\" data-widget_type=\"text-editor.default\">\n\t\t\t\t<div class=\"elementor-widget-container\">\n\t\t\t\t\t\t\t\t\t<h3>Un Cristo de los v\u00ednculos:<\/h3>\n<p>La Cruz de la unidad muestra a Cristo en su relaci\u00f3n con Dios Padre, con Mar\u00eda y con los hombres. El s\u00edmbolo del Padre sobre la cabeza de Jes\u00fas indica la permanente uni\u00f3n del Padre con el Hijo y con todos nosotros. <br \/>Desde la cruz, Jes\u00fas establece de forma nueva y permanente relaciones y v\u00ednculos mediante las palabras que dirige a Juan y a Mar\u00eda: \u00abMujer, ah\u00ed tienes a tu hijo\u00bb, \u00abAh\u00ed tienes a tu madre\u00bb (Jn 19,26s).<\/p>\n<p>La Cruz de la unidad muestra a la Madre de Jes\u00fas, que lo acompa\u00f1a en la muerte. Ella no est\u00e1 al lado de la cruz, sino lo m\u00e1s cerca posible de su Hijo, con \u00e9l en la cruz. <br \/>\u00abStabat: ella estaba de pie junto a \u00c9l. No solamente permaneci\u00f3 exteriormente de pie, sino tambi\u00e9n en adhesi\u00f3n interior a \u00c9l, totalmente junto a \u00c9l\u00bb (J. Kentenich, 1956).<\/p>\n<\/p>\n<h3>El c\u00e1liz en manos de Mar\u00eda<\/h3>\n<p>Mar\u00eda est\u00e1 al pie de la cruz en representaci\u00f3n de la creaci\u00f3n entera y sostiene en sus manos el c\u00e1liz junto a la herida del costado de Jes\u00fas, recibiendo de parte de \u00c9l el regalo de la salvaci\u00f3n y haci\u00e9ndolo fecundo para el mundo entero.  <\/p>\n<p>Mar\u00eda con el c\u00e1liz en sus manos es s\u00edmbolo de la comunidad de las se\u00f1oras de Schoenstatt y modelo para cada una de ellas.<\/p>\n\t\t\t\t\t\t\t\t<\/div>\n\t\t\t\t<\/div>\n\t\t\t\t\t<\/div>\n\t\t<\/div>\n\t\t\t\t\t<\/div>\n\t\t<\/section>\n\t\t\t\t<section class=\"elementor-section elementor-top-section elementor-element elementor-element-aeeff61 elementor-section-boxed elementor-section-height-default elementor-section-height-default elementor-columns-alignment-fix-enabled\" data-id=\"aeeff61\" data-element_type=\"section\" data-e-type=\"section\">\n\t\t\t\t\t\t<div class=\"elementor-container elementor-column-gap-default\">\n\t\t\t\t\t<div class=\"elementor-column elementor-col-25 elementor-top-column elementor-element elementor-element-e13bc6c\" data-id=\"e13bc6c\" data-element_type=\"column\" data-e-type=\"column\">\n\t\t\t<div class=\"elementor-widget-wrap\">\n\t\t\t\t\t\t\t<\/div>\n\t\t<\/div>\n\t\t\t\t<div class=\"elementor-column elementor-col-50 elementor-top-column elementor-element elementor-element-664e445\" data-id=\"664e445\" data-element_type=\"column\" data-e-type=\"column\">\n\t\t\t<div class=\"elementor-widget-wrap elementor-element-populated\">\n\t\t\t\t\t\t<div class=\"elementor-element elementor-element-c07334d elementor-widget elementor-widget-image\" data-id=\"c07334d\" data-element_type=\"widget\" data-e-type=\"widget\" data-widget_type=\"image.default\">\n\t\t\t\t<div class=\"elementor-widget-container\">\n\t\t\t\t\t\t\t\t\t\t\t\t<figure class=\"wp-caption\">\n\t\t\t\t\t\t\t\t\t\t<img decoding=\"async\" width=\"683\" height=\"1024\" src=\"https:\/\/www.frauen-von-schoenstatt.de\/wp-content\/uploads\/2019\/12\/pater-kentenich-kreuz-der-einheit-Zentralarchiv-der-Sch\u00f6nstatt-Patres-683x1024.jpg\" class=\"attachment-large size-large wp-image-1006\" alt=\"\" srcset=\"https:\/\/www.frauen-von-schoenstatt.de\/wp-content\/uploads\/2019\/12\/pater-kentenich-kreuz-der-einheit-Zentralarchiv-der-Sch\u00f6nstatt-Patres-683x1024.jpg 683w, https:\/\/www.frauen-von-schoenstatt.de\/wp-content\/uploads\/2019\/12\/pater-kentenich-kreuz-der-einheit-Zentralarchiv-der-Sch\u00f6nstatt-Patres-200x300.jpg 200w, https:\/\/www.frauen-von-schoenstatt.de\/wp-content\/uploads\/2019\/12\/pater-kentenich-kreuz-der-einheit-Zentralarchiv-der-Sch\u00f6nstatt-Patres-768x1152.jpg 768w, https:\/\/www.frauen-von-schoenstatt.de\/wp-content\/uploads\/2019\/12\/pater-kentenich-kreuz-der-einheit-Zentralarchiv-der-Sch\u00f6nstatt-Patres-1024x1536.jpg 1024w, https:\/\/www.frauen-von-schoenstatt.de\/wp-content\/uploads\/2019\/12\/pater-kentenich-kreuz-der-einheit-Zentralarchiv-der-Sch\u00f6nstatt-Patres-1366x2048.jpg 1366w, https:\/\/www.frauen-von-schoenstatt.de\/wp-content\/uploads\/2019\/12\/pater-kentenich-kreuz-der-einheit-Zentralarchiv-der-Sch\u00f6nstatt-Patres-scaled.jpg 1707w\" sizes=\"(max-width: 683px) 100vw, 683px\" \/>\t\t\t\t\t\t\t\t\t\t\t<figcaption class=\"widget-image-caption wp-caption-text\">\u00a9 Archivo central de los Padres de Schoenstatt<\/figcaption>\n\t\t\t\t\t\t\t\t\t\t<\/figure>\n\t\t\t\t\t\t\t\t\t<\/div>\n\t\t\t\t<\/div>\n\t\t\t\t\t<\/div>\n\t\t<\/div>\n\t\t\t\t<div class=\"elementor-column elementor-col-25 elementor-top-column elementor-element elementor-element-be3138c\" data-id=\"be3138c\" data-element_type=\"column\" data-e-type=\"column\">\n\t\t\t<div class=\"elementor-widget-wrap\">\n\t\t\t\t\t\t\t<\/div>\n\t\t<\/div>\n\t\t\t\t\t<\/div>\n\t\t<\/section>\n\t\t\t\t<\/div>\n\t\t","protected":false},"excerpt":{"rendered":"<p>La Cruz de la unidad, signo de nuestra misi\u00f3n En la Cruz de la unidad, que nos regal\u00f3 nuestro fundador, el P. Jos\u00e9 Kentenich, vemos expresada nuestra misi\u00f3n como se\u00f1oras de Schoenstatt. Por eso, esta cruz es el signo de la pertenencia a nuestra comunidad: nos recuerda que, queremos cumplir nuestra tarea en el mundo &#8230; <a title=\"La Cruz de la unidad\" class=\"read-more\" href=\"https:\/\/www.frauen-von-schoenstatt.de\/es\/en-medio-del-mundo\/que-es-lo-que-nos-une\/la-cruz-de-la-unidad\/\" aria-label=\"Leer m\u00e1s sobre La Cruz de la unidad\">Leer m\u00e1s<\/a><\/p>\n","protected":false},"author":1,"featured_media":995,"parent":1140,"menu_order":0,"comment_status":"closed","ping_status":"closed","template":"","meta":{"_acf_changed":false,"footnotes":""},"class_list":["post-1147","page","type-page","status-publish","has-post-thumbnail"],"acf":[],"_links":{"self":[{"href":"https:\/\/www.frauen-von-schoenstatt.de\/es\/wp-json\/wp\/v2\/pages\/1147","targetHints":{"allow":["GET"]}}],"collection":[{"href":"https:\/\/www.frauen-von-schoenstatt.de\/es\/wp-json\/wp\/v2\/pages"}],"about":[{"href":"https:\/\/www.frauen-von-schoenstatt.de\/es\/wp-json\/wp\/v2\/types\/page"}],"author":[{"embeddable":true,"href":"https:\/\/www.frauen-von-schoenstatt.de\/es\/wp-json\/wp\/v2\/users\/1"}],"replies":[{"embeddable":true,"href":"https:\/\/www.frauen-von-schoenstatt.de\/es\/wp-json\/wp\/v2\/comments?post=1147"}],"version-history":[{"count":6,"href":"https:\/\/www.frauen-von-schoenstatt.de\/es\/wp-json\/wp\/v2\/pages\/1147\/revisions"}],"predecessor-version":[{"id":1412,"href":"https:\/\/www.frauen-von-schoenstatt.de\/es\/wp-json\/wp\/v2\/pages\/1147\/revisions\/1412"}],"up":[{"embeddable":true,"href":"https:\/\/www.frauen-von-schoenstatt.de\/es\/wp-json\/wp\/v2\/pages\/1140"}],"wp:featuredmedia":[{"embeddable":true,"href":"https:\/\/www.frauen-von-schoenstatt.de\/es\/wp-json\/wp\/v2\/media\/995"}],"wp:attachment":[{"href":"https:\/\/www.frauen-von-schoenstatt.de\/es\/wp-json\/wp\/v2\/media?parent=1147"}],"curies":[{"name":"wp","href":"https:\/\/api.w.org\/{rel}","templated":true}]}}