{"id":1143,"date":"2021-01-22T22:01:50","date_gmt":"2021-01-22T21:01:50","guid":{"rendered":"https:\/\/www.frauen-von-schoenstatt.de\/en-medio-del-mundo\/que-es-lo-que-nos-une\/la-capilla\/"},"modified":"2021-02-26T15:06:57","modified_gmt":"2021-02-26T14:06:57","slug":"la-capilla","status":"publish","type":"page","link":"https:\/\/www.frauen-von-schoenstatt.de\/es\/en-medio-del-mundo\/que-es-lo-que-nos-une\/la-capilla\/","title":{"rendered":"La capilla"},"content":{"rendered":"\t\t<div data-elementor-type=\"wp-page\" data-elementor-id=\"1143\" class=\"elementor elementor-1143 elementor-568\" data-elementor-post-type=\"page\">\n\t\t\t\t\t\t<section class=\"elementor-section elementor-top-section elementor-element elementor-element-21db1c3d elementor-section-height-min-height elementor-section-boxed elementor-section-height-default elementor-section-items-middle elementor-columns-alignment-fix-enabled\" data-id=\"21db1c3d\" data-element_type=\"section\" data-e-type=\"section\" data-settings=\"{&quot;background_background&quot;:&quot;classic&quot;,&quot;background_motion_fx_motion_fx_scrolling&quot;:&quot;yes&quot;,&quot;background_motion_fx_translateY_effect&quot;:&quot;yes&quot;,&quot;background_motion_fx_translateY_direction&quot;:&quot;negative&quot;,&quot;background_motion_fx_translateY_speed&quot;:{&quot;unit&quot;:&quot;px&quot;,&quot;size&quot;:5,&quot;sizes&quot;:[]},&quot;background_motion_fx_translateY_affectedRange&quot;:{&quot;unit&quot;:&quot;%&quot;,&quot;size&quot;:&quot;&quot;,&quot;sizes&quot;:{&quot;start&quot;:0,&quot;end&quot;:100}},&quot;background_motion_fx_devices&quot;:[&quot;desktop&quot;,&quot;tablet&quot;,&quot;mobile&quot;]}\">\n\t\t\t\t\t\t<div class=\"elementor-container elementor-column-gap-default\">\n\t\t\t\t\t<div class=\"elementor-column elementor-col-100 elementor-top-column elementor-element elementor-element-6992dfb\" data-id=\"6992dfb\" data-element_type=\"column\" data-e-type=\"column\" data-settings=\"{&quot;background_background&quot;:&quot;classic&quot;}\">\n\t\t\t<div class=\"elementor-widget-wrap\">\n\t\t\t\t\t\t\t<\/div>\n\t\t<\/div>\n\t\t\t\t\t<\/div>\n\t\t<\/section>\n\t\t\t\t<section class=\"elementor-section elementor-top-section elementor-element elementor-element-7cd0a0e elementor-section-boxed elementor-section-height-default elementor-section-height-default elementor-columns-alignment-fix-enabled\" data-id=\"7cd0a0e\" data-element_type=\"section\" data-e-type=\"section\">\n\t\t\t\t\t\t<div class=\"elementor-container elementor-column-gap-default\">\n\t\t\t\t\t<div class=\"elementor-column elementor-col-100 elementor-top-column elementor-element elementor-element-733e48d\" data-id=\"733e48d\" data-element_type=\"column\" data-e-type=\"column\">\n\t\t\t<div class=\"elementor-widget-wrap elementor-element-populated\">\n\t\t\t\t\t\t<div class=\"elementor-element elementor-element-765a64d elementor-widget elementor-widget-heading\" data-id=\"765a64d\" data-element_type=\"widget\" data-e-type=\"widget\" data-widget_type=\"heading.default\">\n\t\t\t\t<div class=\"elementor-widget-container\">\n\t\t\t\t\t<h1 class=\"elementor-heading-title elementor-size-default\">La capilla de Haus Regina<\/h1>\t\t\t\t<\/div>\n\t\t\t\t<\/div>\n\t\t\t\t\t<\/div>\n\t\t<\/div>\n\t\t\t\t\t<\/div>\n\t\t<\/section>\n\t\t\t\t<section class=\"elementor-section elementor-top-section elementor-element elementor-element-046f9c3 elementor-section-boxed elementor-section-height-default elementor-section-height-default elementor-columns-alignment-fix-enabled\" data-id=\"046f9c3\" data-element_type=\"section\" data-e-type=\"section\">\n\t\t\t\t\t\t<div class=\"elementor-container elementor-column-gap-default\">\n\t\t\t\t\t<div class=\"elementor-column elementor-col-100 elementor-top-column elementor-element elementor-element-cf82597\" data-id=\"cf82597\" data-element_type=\"column\" data-e-type=\"column\">\n\t\t\t<div class=\"elementor-widget-wrap elementor-element-populated\">\n\t\t\t\t\t\t<div class=\"elementor-element elementor-element-90356cb elementor-widget elementor-widget-text-editor\" data-id=\"90356cb\" data-element_type=\"widget\" data-e-type=\"widget\" data-widget_type=\"text-editor.default\">\n\t\t\t\t<div class=\"elementor-widget-container\">\n\t\t\t\t\t\t\t\t\t<p>La capilla de la casa Madre refleja todo aquello de lo cual vivimos: una vida consagrada a Dios conforme a los consejos evang\u00e9licos en medio del mundo, en una sociedad globalizada y en gran medida secularizada.<\/p><p>Quienes traspasan la puerta de entrada de la capilla vienen llegando de las calles de este mundo.<\/p><p>Llegamos y permanecemos reunidas en torno al centro, el altar y el amb\u00f3n, y reunidas en torno a Cristo y a Mar\u00eda en la Cruz de la unidad, que es el signo de la misi\u00f3n que cada se\u00f1ora de Schoenstatt lleva consigo en la vida cotidiana.<\/p><p>La mirada se concentra en el sagrario y en esa cruz, signo de salvaci\u00f3n y \u00e1rbol de la vida.<\/p><p>Al pie de la cruz se encuentran los testimonios de la vida: anillos como signo de la uni\u00f3n eterna con Cristo, anillos de se\u00f1oras de Schoenstatt ya fallecidas que consumaron su vida en esta vocaci\u00f3n. Cada persona que entra en esta capilla viene llegando de los caminos de su propia vida, anhelando armon\u00eda y cobijamiento, anhelando el cielo, el azul que brinda acogida y eclipsa todo lo que le sale al encuentro en el mundo.<\/p><p>A esta capilla traemos todo aquello que hace hermosa nuestra vida, as\u00ed como tambi\u00e9n todo aquello que la hace dif\u00edcil: traemos a las personas para las cuales y con las cuales vivimos y traemos tambi\u00e9n el variopinto mundo de la cultura y de la tecnolog\u00eda, del dinero, la pol\u00edtica y los poderes que determinan nuestra vida.<\/p><p>La capilla nos concentra en lo que realmente es importante en nuestra vida.<\/p><p>Por eso encontramos en ella:<\/p><p>Precioso oro en el sitio de la palabra de Dios, en el amb\u00f3n, desde el cual se nos anuncia la palabra de Dios y desde el cual el Esp\u00edritu Santo ha de mostrarnos d\u00f3nde y c\u00f3mo el evangelio puede dar forma a nuestro mundo.<\/p><p>Oro en el sitio del Pan eucar\u00edstico, en el altar, desde el cual se nos regala la fuerza cotidiana para una vida en uni\u00f3n con Dios.<\/p><p>Precioso oro en el centro del \u00e1bside, en torno al sagrario, regalado por la generaci\u00f3n fundadora a la que fue nuestra primera capilla.<\/p><p>Un espacio resplandeciente que alberga el \u00c1rbol de la vida y la Cruz de la unidad. Un brillo que concentra nuestra vida en Dios. Oro que impulsa a lo m\u00e1s alto, hacia el cielo azul, oro que une el cielo y la tierra, y que lo hace a trav\u00e9s de nosotras, quienes, con Cristo y Mar\u00eda, recorremos las calles de este mundo.<\/p>\t\t\t\t\t\t\t\t<\/div>\n\t\t\t\t<\/div>\n\t\t\t\t\t<\/div>\n\t\t<\/div>\n\t\t\t\t\t<\/div>\n\t\t<\/section>\n\t\t\t\t<section class=\"elementor-section elementor-top-section elementor-element elementor-element-9b50d7c elementor-section-full_width elementor-section-height-default elementor-section-height-default elementor-columns-alignment-fix-enabled\" data-id=\"9b50d7c\" data-element_type=\"section\" data-e-type=\"section\" data-settings=\"{&quot;background_background&quot;:&quot;classic&quot;}\">\n\t\t\t\t\t\t<div class=\"elementor-container elementor-column-gap-default\">\n\t\t\t\t\t<div class=\"elementor-column elementor-col-100 elementor-top-column elementor-element elementor-element-2e81746\" data-id=\"2e81746\" data-element_type=\"column\" data-e-type=\"column\">\n\t\t\t<div class=\"elementor-widget-wrap elementor-element-populated\">\n\t\t\t\t\t\t<div class=\"elementor-element elementor-element-619d1ba elementor-skin-carousel elementor-arrows-yes elementor-pagination-type-bullets elementor-pagination-position-outside elementor-widget elementor-widget-media-carousel\" data-id=\"619d1ba\" data-element_type=\"widget\" data-e-type=\"widget\" data-settings=\"{&quot;slides_per_view&quot;:&quot;3&quot;,&quot;slides_to_scroll&quot;:&quot;3&quot;,&quot;speed&quot;:1000,&quot;skin&quot;:&quot;carousel&quot;,&quot;effect&quot;:&quot;slide&quot;,&quot;show_arrows&quot;:&quot;yes&quot;,&quot;pagination&quot;:&quot;bullets&quot;,&quot;autoplay&quot;:&quot;yes&quot;,&quot;autoplay_speed&quot;:5000,&quot;loop&quot;:&quot;yes&quot;,&quot;pause_on_hover&quot;:&quot;yes&quot;,&quot;pause_on_interaction&quot;:&quot;yes&quot;,&quot;space_between&quot;:{&quot;unit&quot;:&quot;px&quot;,&quot;size&quot;:10,&quot;sizes&quot;:[]},&quot;space_between_tablet&quot;:{&quot;unit&quot;:&quot;px&quot;,&quot;size&quot;:10,&quot;sizes&quot;:[]},&quot;space_between_mobile&quot;:{&quot;unit&quot;:&quot;px&quot;,&quot;size&quot;:10,&quot;sizes&quot;:[]}}\" data-widget_type=\"media-carousel.default\">\n\t\t\t\t<div class=\"elementor-widget-container\">\n\t\t\t\t\t\t\t\t\t<div class=\"elementor-swiper\">\n\t\t\t\t\t<div class=\"elementor-main-swiper swiper\" role=\"region\" aria-roledescription=\"carousel\" aria-label=\"Diapositivas\">\n\t\t\t\t<div class=\"swiper-wrapper\">\n\t\t\t\t\t\t\t\t\t\t\t<div class=\"swiper-slide\" role=\"group\" aria-roledescription=\"slide\">\n\t\t\t\t\t\t\t<a href=\"https:\/\/www.frauen-von-schoenstatt.de\/wp-content\/uploads\/2019\/12\/20190426_092828_2000x1125.jpg\" data-elementor-open-lightbox=\"yes\" data-elementor-lightbox-slideshow=\"619d1ba\" data-elementor-lightbox-title=\"20190426_092828_2000x1125\" data-e-action-hash=\"#elementor-action%3Aaction%3Dlightbox%26settings%3DeyJpZCI6NDk3LCJ1cmwiOiJodHRwczpcL1wvd3d3LmZyYXVlbi12b24tc2Nob2Vuc3RhdHQuZGVcL3dwLWNvbnRlbnRcL3VwbG9hZHNcLzIwMTlcLzEyXC8yMDE5MDQyNl8wOTI4MjhfMjAwMHgxMTI1LmpwZyIsInNsaWRlc2hvdyI6IjYxOWQxYmEifQ%3D%3D\">\t\t<div class=\"elementor-carousel-image\" role=\"img\" aria-label=\"20190426_092828_2000x1125\" style=\"background-image: url(&#039;https:\/\/www.frauen-von-schoenstatt.de\/wp-content\/uploads\/2019\/12\/20190426_092828_2000x1125-600x400.jpg&#039;)\">\n\n\t\t\t\n\t\t\t\t\t<\/div>\n\t\t<\/a>\t\t\t\t\t\t<\/div>\n\t\t\t\t\t\t\t\t\t\t\t<div class=\"swiper-slide\" role=\"group\" aria-roledescription=\"slide\">\n\t\t\t\t\t\t\t<a href=\"https:\/\/www.frauen-von-schoenstatt.de\/wp-content\/uploads\/2019\/09\/hausheiligtum_regina_2.jpg\" data-elementor-open-lightbox=\"yes\" data-elementor-lightbox-slideshow=\"619d1ba\" data-elementor-lightbox-title=\"hausheiligtum_regina_2\" data-e-action-hash=\"#elementor-action%3Aaction%3Dlightbox%26settings%3DeyJpZCI6MjYzLCJ1cmwiOiJodHRwczpcL1wvd3d3LmZyYXVlbi12b24tc2Nob2Vuc3RhdHQuZGVcL3dwLWNvbnRlbnRcL3VwbG9hZHNcLzIwMTlcLzA5XC9oYXVzaGVpbGlndHVtX3JlZ2luYV8yLmpwZyIsInNsaWRlc2hvdyI6IjYxOWQxYmEifQ%3D%3D\">\t\t<div class=\"elementor-carousel-image\" role=\"img\" aria-label=\"hausheiligtum_regina_2\" style=\"background-image: url(&#039;https:\/\/www.frauen-von-schoenstatt.de\/wp-content\/uploads\/2019\/09\/hausheiligtum_regina_2-600x400.jpg&#039;)\">\n\n\t\t\t\n\t\t\t\t\t<\/div>\n\t\t<\/a>\t\t\t\t\t\t<\/div>\n\t\t\t\t\t\t\t\t\t\t\t<div class=\"swiper-slide\" role=\"group\" aria-roledescription=\"slide\">\n\t\t\t\t\t\t\t<a href=\"https:\/\/www.frauen-von-schoenstatt.de\/wp-content\/uploads\/2019\/09\/hausheiligtum_regina_1.jpg\" data-elementor-open-lightbox=\"yes\" data-elementor-lightbox-slideshow=\"619d1ba\" data-elementor-lightbox-title=\"hausheiligtum_regina_1\" data-e-action-hash=\"#elementor-action%3Aaction%3Dlightbox%26settings%3DeyJpZCI6MjY2LCJ1cmwiOiJodHRwczpcL1wvd3d3LmZyYXVlbi12b24tc2Nob2Vuc3RhdHQuZGVcL3dwLWNvbnRlbnRcL3VwbG9hZHNcLzIwMTlcLzA5XC9oYXVzaGVpbGlndHVtX3JlZ2luYV8xLmpwZyIsInNsaWRlc2hvdyI6IjYxOWQxYmEifQ%3D%3D\">\t\t<div class=\"elementor-carousel-image\" role=\"img\" aria-label=\"hausheiligtum_regina_1\" style=\"background-image: url(&#039;https:\/\/www.frauen-von-schoenstatt.de\/wp-content\/uploads\/2019\/09\/hausheiligtum_regina_1-600x400.jpg&#039;)\">\n\n\t\t\t\n\t\t\t\t\t<\/div>\n\t\t<\/a>\t\t\t\t\t\t<\/div>\n\t\t\t\t\t\t\t\t\t\t\t<div class=\"swiper-slide\" role=\"group\" aria-roledescription=\"slide\">\n\t\t\t\t\t\t\t<a href=\"https:\/\/www.frauen-von-schoenstatt.de\/wp-content\/uploads\/2019\/09\/hausheiligtum_regina_4.jpg\" data-elementor-open-lightbox=\"yes\" data-elementor-lightbox-slideshow=\"619d1ba\" data-elementor-lightbox-title=\"hausheiligtum_regina_4\" data-e-action-hash=\"#elementor-action%3Aaction%3Dlightbox%26settings%3DeyJpZCI6MjYxLCJ1cmwiOiJodHRwczpcL1wvd3d3LmZyYXVlbi12b24tc2Nob2Vuc3RhdHQuZGVcL3dwLWNvbnRlbnRcL3VwbG9hZHNcLzIwMTlcLzA5XC9oYXVzaGVpbGlndHVtX3JlZ2luYV80LmpwZyIsInNsaWRlc2hvdyI6IjYxOWQxYmEifQ%3D%3D\">\t\t<div class=\"elementor-carousel-image\" role=\"img\" aria-label=\"hausheiligtum_regina_4\" style=\"background-image: url(&#039;https:\/\/www.frauen-von-schoenstatt.de\/wp-content\/uploads\/2019\/09\/hausheiligtum_regina_4-600x400.jpg&#039;)\">\n\n\t\t\t\n\t\t\t\t\t<\/div>\n\t\t<\/a>\t\t\t\t\t\t<\/div>\n\t\t\t\t\t\t\t\t\t\t\t<div class=\"swiper-slide\" role=\"group\" aria-roledescription=\"slide\">\n\t\t\t\t\t\t\t<a href=\"https:\/\/www.frauen-von-schoenstatt.de\/wp-content\/uploads\/2019\/09\/hausheiligtum_regina_5.jpg\" data-elementor-open-lightbox=\"yes\" data-elementor-lightbox-slideshow=\"619d1ba\" data-elementor-lightbox-title=\"hausheiligtum_regina_5\" data-e-action-hash=\"#elementor-action%3Aaction%3Dlightbox%26settings%3DeyJpZCI6MjYwLCJ1cmwiOiJodHRwczpcL1wvd3d3LmZyYXVlbi12b24tc2Nob2Vuc3RhdHQuZGVcL3dwLWNvbnRlbnRcL3VwbG9hZHNcLzIwMTlcLzA5XC9oYXVzaGVpbGlndHVtX3JlZ2luYV81LmpwZyIsInNsaWRlc2hvdyI6IjYxOWQxYmEifQ%3D%3D\">\t\t<div class=\"elementor-carousel-image\" role=\"img\" aria-label=\"hausheiligtum_regina_5\" style=\"background-image: url(&#039;https:\/\/www.frauen-von-schoenstatt.de\/wp-content\/uploads\/2019\/09\/hausheiligtum_regina_5-600x400.jpg&#039;)\">\n\n\t\t\t\n\t\t\t\t\t<\/div>\n\t\t<\/a>\t\t\t\t\t\t<\/div>\n\t\t\t\t\t\t\t\t\t\t\t<div class=\"swiper-slide\" role=\"group\" aria-roledescription=\"slide\">\n\t\t\t\t\t\t\t<a href=\"https:\/\/www.frauen-von-schoenstatt.de\/wp-content\/uploads\/2019\/09\/hausheiligtum_regina_6.jpg\" data-elementor-open-lightbox=\"yes\" data-elementor-lightbox-slideshow=\"619d1ba\" data-elementor-lightbox-title=\"hausheiligtum_regina_6\" data-e-action-hash=\"#elementor-action%3Aaction%3Dlightbox%26settings%3DeyJpZCI6MjU5LCJ1cmwiOiJodHRwczpcL1wvd3d3LmZyYXVlbi12b24tc2Nob2Vuc3RhdHQuZGVcL3dwLWNvbnRlbnRcL3VwbG9hZHNcLzIwMTlcLzA5XC9oYXVzaGVpbGlndHVtX3JlZ2luYV82LmpwZyIsInNsaWRlc2hvdyI6IjYxOWQxYmEifQ%3D%3D\">\t\t<div class=\"elementor-carousel-image\" role=\"img\" aria-label=\"hausheiligtum_regina_6\" style=\"background-image: url(&#039;https:\/\/www.frauen-von-schoenstatt.de\/wp-content\/uploads\/2019\/09\/hausheiligtum_regina_6-600x400.jpg&#039;)\">\n\n\t\t\t\n\t\t\t\t\t<\/div>\n\t\t<\/a>\t\t\t\t\t\t<\/div>\n\t\t\t\t\t\t\t\t\t\t\t<div class=\"swiper-slide\" role=\"group\" aria-roledescription=\"slide\">\n\t\t\t\t\t\t\t\t\t<div class=\"elementor-carousel-image\" role=\"img\" aria-label=\"hausheiligtum_regina_7\" style=\"background-image: url(&#039;https:\/\/www.frauen-von-schoenstatt.de\/wp-content\/uploads\/2019\/09\/hausheiligtum_regina_7-600x400.jpg&#039;)\">\n\n\t\t\t\n\t\t\t\t\t<\/div>\n\t\t\t\t\t\t\t\t<\/div>\n\t\t\t\t\t\t\t\t\t\t\t<div class=\"swiper-slide\" role=\"group\" aria-roledescription=\"slide\">\n\t\t\t\t\t\t\t\t\t<div class=\"elementor-carousel-image\" role=\"img\" aria-label=\"hausheiligtum_regina_8\" style=\"background-image: url(&#039;https:\/\/www.frauen-von-schoenstatt.de\/wp-content\/uploads\/2019\/09\/hausheiligtum_regina_8-600x400.jpg&#039;)\">\n\n\t\t\t\n\t\t\t\t\t<\/div>\n\t\t\t\t\t\t\t\t<\/div>\n\t\t\t\t\t\t\t\t\t\t\t<div class=\"swiper-slide\" role=\"group\" aria-roledescription=\"slide\">\n\t\t\t\t\t\t\t\t\t<div class=\"elementor-carousel-image\" role=\"img\" aria-label=\"hausheiligtum_regina_9\" style=\"background-image: url(&#039;https:\/\/www.frauen-von-schoenstatt.de\/wp-content\/uploads\/2019\/09\/hausheiligtum_regina_9-600x400.jpg&#039;)\">\n\n\t\t\t\n\t\t\t\t\t<\/div>\n\t\t\t\t\t\t\t\t<\/div>\n\t\t\t\t\t\t\t\t\t\t\t<div class=\"swiper-slide\" role=\"group\" aria-roledescription=\"slide\">\n\t\t\t\t\t\t\t\t\t<div class=\"elementor-carousel-image\" role=\"img\" aria-label=\"hausheiligtum_regina_10\" style=\"background-image: url(&#039;https:\/\/www.frauen-von-schoenstatt.de\/wp-content\/uploads\/2019\/09\/hausheiligtum_regina_10-600x400.jpg&#039;)\">\n\n\t\t\t\n\t\t\t\t\t<\/div>\n\t\t\t\t\t\t\t\t<\/div>\n\t\t\t\t\t\t\t\t\t\t\t<div class=\"swiper-slide\" role=\"group\" aria-roledescription=\"slide\">\n\t\t\t\t\t\t\t\t\t<div class=\"elementor-carousel-image\" role=\"img\" aria-label=\"hausheiligtum_regina_11\" style=\"background-image: url(&#039;https:\/\/www.frauen-von-schoenstatt.de\/wp-content\/uploads\/2019\/09\/hausheiligtum_regina_11-600x400.jpg&#039;)\">\n\n\t\t\t\n\t\t\t\t\t<\/div>\n\t\t\t\t\t\t\t\t<\/div>\n\t\t\t\t\t\t\t\t\t<\/div>\n\t\t\t\t\t\t\t\t\t\t\t\t\t\t\t<div class=\"elementor-swiper-button elementor-swiper-button-prev\" role=\"button\" tabindex=\"0\" aria-label=\"Anterior\">\n\t\t\t\t\t\t\t<i aria-hidden=\"true\" class=\"eicon-chevron-left\"><\/i>\t\t\t\t\t\t<\/div>\n\t\t\t\t\t\t<div class=\"elementor-swiper-button elementor-swiper-button-next\" role=\"button\" tabindex=\"0\" aria-label=\"Siguiente\">\n\t\t\t\t\t\t\t<i aria-hidden=\"true\" class=\"eicon-chevron-right\"><\/i>\t\t\t\t\t\t<\/div>\n\t\t\t\t\t\t\t\t\t\t\t\t\t\t\t\t<div class=\"swiper-pagination\"><\/div>\n\t\t\t\t\t\t\t\t\t\t\t\t<\/div>\n\t\t\t\t<\/div>\n\t\t\t\t\t\t\t\t<\/div>\n\t\t\t\t<\/div>\n\t\t\t\t\t<\/div>\n\t\t<\/div>\n\t\t\t\t\t<\/div>\n\t\t<\/section>\n\t\t\t\t<\/div>\n\t\t","protected":false},"excerpt":{"rendered":"<p>La capilla de Haus Regina La capilla de la casa Madre refleja todo aquello de lo cual vivimos: una vida consagrada a Dios conforme a los consejos evang\u00e9licos en medio del mundo, en una sociedad globalizada y en gran medida secularizada. Quienes traspasan la puerta de entrada de la capilla vienen llegando de las calles &#8230; <a title=\"La capilla\" class=\"read-more\" href=\"https:\/\/www.frauen-von-schoenstatt.de\/es\/en-medio-del-mundo\/que-es-lo-que-nos-une\/la-capilla\/\" aria-label=\"Leer m\u00e1s sobre La capilla\">Leer m\u00e1s<\/a><\/p>\n","protected":false},"author":1,"featured_media":931,"parent":1140,"menu_order":1,"comment_status":"closed","ping_status":"closed","template":"","meta":{"_acf_changed":false,"footnotes":""},"class_list":["post-1143","page","type-page","status-publish","has-post-thumbnail"],"acf":[],"_links":{"self":[{"href":"https:\/\/www.frauen-von-schoenstatt.de\/es\/wp-json\/wp\/v2\/pages\/1143","targetHints":{"allow":["GET"]}}],"collection":[{"href":"https:\/\/www.frauen-von-schoenstatt.de\/es\/wp-json\/wp\/v2\/pages"}],"about":[{"href":"https:\/\/www.frauen-von-schoenstatt.de\/es\/wp-json\/wp\/v2\/types\/page"}],"author":[{"embeddable":true,"href":"https:\/\/www.frauen-von-schoenstatt.de\/es\/wp-json\/wp\/v2\/users\/1"}],"replies":[{"embeddable":true,"href":"https:\/\/www.frauen-von-schoenstatt.de\/es\/wp-json\/wp\/v2\/comments?post=1143"}],"version-history":[{"count":9,"href":"https:\/\/www.frauen-von-schoenstatt.de\/es\/wp-json\/wp\/v2\/pages\/1143\/revisions"}],"predecessor-version":[{"id":1426,"href":"https:\/\/www.frauen-von-schoenstatt.de\/es\/wp-json\/wp\/v2\/pages\/1143\/revisions\/1426"}],"up":[{"embeddable":true,"href":"https:\/\/www.frauen-von-schoenstatt.de\/es\/wp-json\/wp\/v2\/pages\/1140"}],"wp:featuredmedia":[{"embeddable":true,"href":"https:\/\/www.frauen-von-schoenstatt.de\/es\/wp-json\/wp\/v2\/media\/931"}],"wp:attachment":[{"href":"https:\/\/www.frauen-von-schoenstatt.de\/es\/wp-json\/wp\/v2\/media?parent=1143"}],"curies":[{"name":"wp","href":"https:\/\/api.w.org\/{rel}","templated":true}]}}