{"id":1122,"date":"2021-01-22T21:43:43","date_gmt":"2021-01-22T20:43:43","guid":{"rendered":"https:\/\/www.frauen-von-schoenstatt.de\/ueber-uns\/el-fundador-y-las-cofundadoras\/lotte-holubars-1883-1944\/"},"modified":"2021-01-22T21:43:48","modified_gmt":"2021-01-22T20:43:48","slug":"lotte-holubars-1883-1944","status":"publish","type":"page","link":"https:\/\/www.frauen-von-schoenstatt.de\/es\/sobre-nosotras\/el-fundador-y-las-cofundadoras\/lotte-holubars-1883-1944\/","title":{"rendered":"Lotte Holubars (1883-1944)"},"content":{"rendered":"\t\t<div data-elementor-type=\"wp-page\" data-elementor-id=\"1122\" class=\"elementor elementor-1122 elementor-522\" data-elementor-post-type=\"page\">\n\t\t\t\t\t\t<section class=\"elementor-section elementor-top-section elementor-element elementor-element-271db5b elementor-section-boxed elementor-section-height-default elementor-section-height-default elementor-columns-alignment-fix-enabled\" data-id=\"271db5b\" data-element_type=\"section\" data-e-type=\"section\">\n\t\t\t\t\t\t<div class=\"elementor-container elementor-column-gap-wide\">\n\t\t\t\t\t<div class=\"elementor-column elementor-col-66 elementor-top-column elementor-element elementor-element-0b609c6\" data-id=\"0b609c6\" data-element_type=\"column\" data-e-type=\"column\">\n\t\t\t<div class=\"elementor-widget-wrap elementor-element-populated\">\n\t\t\t\t\t\t<div class=\"elementor-element elementor-element-2f52820 elementor-widget elementor-widget-heading\" data-id=\"2f52820\" data-element_type=\"widget\" data-e-type=\"widget\" data-widget_type=\"heading.default\">\n\t\t\t\t<div class=\"elementor-widget-container\">\n\t\t\t\t\t<h1 class=\"elementor-heading-title elementor-size-default\">Lotte Holubars<\/h1>\t\t\t\t<\/div>\n\t\t\t\t<\/div>\n\t\t\t\t<div class=\"elementor-element elementor-element-fe1a70c elementor-widget elementor-widget-heading\" data-id=\"fe1a70c\" data-element_type=\"widget\" data-e-type=\"widget\" data-widget_type=\"heading.default\">\n\t\t\t\t<div class=\"elementor-widget-container\">\n\t\t\t\t\t<p class=\"elementor-heading-title elementor-size-default\">(1883-1944)<\/p>\t\t\t\t<\/div>\n\t\t\t\t<\/div>\n\t\t\t\t<div class=\"elementor-element elementor-element-5b3ff8a elementor-blockquote--skin-quotation elementor-blockquote--align-center elementor-widget elementor-widget-blockquote\" data-id=\"5b3ff8a\" data-element_type=\"widget\" data-e-type=\"widget\" data-widget_type=\"blockquote.default\">\n\t\t\t\t<div class=\"elementor-widget-container\">\n\t\t\t\t\t\t\t<blockquote class=\"elementor-blockquote\">\n\t\t\t<p class=\"elementor-blockquote__content\">\n\t\t\t\t\u00abYo quisiera ser portadora de Cristo, dadora de Cristo.\u00bb\t\t\t<\/p>\n\t\t\t\t\t<\/blockquote>\n\t\t\t\t\t\t<\/div>\n\t\t\t\t<\/div>\n\t\t\t\t<div class=\"elementor-element elementor-element-40cfdda elementor-widget elementor-widget-text-editor\" data-id=\"40cfdda\" data-element_type=\"widget\" data-e-type=\"widget\" data-widget_type=\"text-editor.default\">\n\t\t\t\t<div class=\"elementor-widget-container\">\n\t\t\t\t\t\t\t\t\t<p>Lotte Holubars naci\u00f3 el 12 de octubre de 1883 en Silesia. Fue maestra en Heusweiler, regi\u00f3n del Sarre. A ra\u00edz de su actitud y compromiso cristiano no tard\u00f3 en estar en la mira de los nacionalsocialistas. Desde 1929 perteneci\u00f3 al Movimiento de Schoenstatt. Tras dejar la docencia se traslad\u00f3 a Schoenstatt y trabaj\u00f3 en la construcci\u00f3n del joven Instituto Secular Nuestra Se\u00f1ora de Schoenstatt. En 1942, los nazis, despu\u00e9s de registrar su casa, la enviaron a la prisi\u00f3n del Carmelo, en Coblenza, y, al final, tras permanecer varios meses en ese lugar, la deportaron al campo de concentraci\u00f3n de mujeres de Ravensbr\u00fcck. Otras internas han dado testimonio de su actitud cristiana y de su disposici\u00f3n a la ofrenda de su propia vida.    <\/p>\n<p>El p\u00e1rroco de la prisi\u00f3n escribi\u00f3 sobre ella: \u00abLa Sta. Holubars es para m\u00ed la mulier fortis (mujer fuerte) tal como aparece en sus rasgos esenciales en la ep\u00edstola de la misa de las fiestas de santas mujeres. Fue una de aquellas mujeres fuertes, almas femeninas que muy raras veces \u2014quiz\u00e1 una sola vez, en su caso\u2014 he tenido ocasi\u00f3n de encontrar en los largos a\u00f1os de mi pastoral carcelaria\u00bb.  <\/p>\n<p>Lotte Holubars muri\u00f3 el 9 de noviembre de 1944 en Ravensbr\u00fcck<\/p>\n<p>y es una de las mujeres incluidas en el <a href=\"https:\/\/thema.erzbistum-koeln.de\/deutsches-martyrologium\/verzeichnis_aller_martyrer\/das_verzeichnis\/martyrer_aus_der_NS-Zeit\/ordensfrauen_und_weibliche_mitglieder_von_instituten_des_geweihten_lebens\/index.html\" target=\"_blank\" rel=\"noopener\">Martirologio de la Iglesia Cat\u00f3lica. <\/a><\/p>\n\t\t\t\t\t\t\t\t<\/div>\n\t\t\t\t<\/div>\n\t\t\t\t\t<\/div>\n\t\t<\/div>\n\t\t\t\t<div class=\"elementor-column elementor-col-33 elementor-top-column elementor-element elementor-element-bee8611\" data-id=\"bee8611\" data-element_type=\"column\" data-e-type=\"column\">\n\t\t\t<div class=\"elementor-widget-wrap elementor-element-populated\">\n\t\t\t\t\t\t<div class=\"elementor-element elementor-element-be4b900 elementor-widget elementor-widget-image\" data-id=\"be4b900\" data-element_type=\"widget\" data-e-type=\"widget\" data-widget_type=\"image.default\">\n\t\t\t\t<div class=\"elementor-widget-container\">\n\t\t\t\t\t\t\t\t\t\t\t\t\t\t\t<img fetchpriority=\"high\" decoding=\"async\" width=\"768\" height=\"768\" src=\"https:\/\/www.frauen-von-schoenstatt.de\/wp-content\/uploads\/2019\/09\/Holubars_Lotte_1x1-sepia-768x768.jpg\" class=\"attachment-medium_large size-medium_large wp-image-918\" alt=\"\" srcset=\"https:\/\/www.frauen-von-schoenstatt.de\/wp-content\/uploads\/2019\/09\/Holubars_Lotte_1x1-sepia-768x768.jpg 768w, https:\/\/www.frauen-von-schoenstatt.de\/wp-content\/uploads\/2019\/09\/Holubars_Lotte_1x1-sepia-150x150.jpg 150w, https:\/\/www.frauen-von-schoenstatt.de\/wp-content\/uploads\/2019\/09\/Holubars_Lotte_1x1-sepia-300x300.jpg 300w, https:\/\/www.frauen-von-schoenstatt.de\/wp-content\/uploads\/2019\/09\/Holubars_Lotte_1x1-sepia-1024x1024.jpg 1024w, https:\/\/www.frauen-von-schoenstatt.de\/wp-content\/uploads\/2019\/09\/Holubars_Lotte_1x1-sepia.jpg 2000w\" sizes=\"(max-width: 768px) 100vw, 768px\" \/>\t\t\t\t\t\t\t\t\t\t\t\t\t\t\t<\/div>\n\t\t\t\t<\/div>\n\t\t\t\t\t<\/div>\n\t\t<\/div>\n\t\t\t\t\t<\/div>\n\t\t<\/section>\n\t\t\t\t<\/div>\n\t\t","protected":false},"excerpt":{"rendered":"<p>Lotte Holubars (1883-1944) \u00abYo quisiera ser portadora de Cristo, dadora de Cristo.\u00bb Lotte Holubars naci\u00f3 el 12 de octubre de 1883 en Silesia. Fue maestra en Heusweiler, regi\u00f3n del Sarre. A ra\u00edz de su actitud y compromiso cristiano no tard\u00f3 en estar en la mira de los nacionalsocialistas. Desde 1929 perteneci\u00f3 al Movimiento de Schoenstatt. &#8230; <a title=\"Lotte Holubars (1883-1944)\" class=\"read-more\" href=\"https:\/\/www.frauen-von-schoenstatt.de\/es\/sobre-nosotras\/el-fundador-y-las-cofundadoras\/lotte-holubars-1883-1944\/\" aria-label=\"Leer m\u00e1s sobre Lotte Holubars (1883-1944)\">Leer m\u00e1s<\/a><\/p>\n","protected":false},"author":1,"featured_media":0,"parent":1086,"menu_order":1,"comment_status":"closed","ping_status":"closed","template":"","meta":{"_acf_changed":false,"footnotes":""},"class_list":["post-1122","page","type-page","status-publish"],"acf":[],"_links":{"self":[{"href":"https:\/\/www.frauen-von-schoenstatt.de\/es\/wp-json\/wp\/v2\/pages\/1122","targetHints":{"allow":["GET"]}}],"collection":[{"href":"https:\/\/www.frauen-von-schoenstatt.de\/es\/wp-json\/wp\/v2\/pages"}],"about":[{"href":"https:\/\/www.frauen-von-schoenstatt.de\/es\/wp-json\/wp\/v2\/types\/page"}],"author":[{"embeddable":true,"href":"https:\/\/www.frauen-von-schoenstatt.de\/es\/wp-json\/wp\/v2\/users\/1"}],"replies":[{"embeddable":true,"href":"https:\/\/www.frauen-von-schoenstatt.de\/es\/wp-json\/wp\/v2\/comments?post=1122"}],"version-history":[{"count":7,"href":"https:\/\/www.frauen-von-schoenstatt.de\/es\/wp-json\/wp\/v2\/pages\/1122\/revisions"}],"predecessor-version":[{"id":1129,"href":"https:\/\/www.frauen-von-schoenstatt.de\/es\/wp-json\/wp\/v2\/pages\/1122\/revisions\/1129"}],"up":[{"embeddable":true,"href":"https:\/\/www.frauen-von-schoenstatt.de\/es\/wp-json\/wp\/v2\/pages\/1086"}],"wp:attachment":[{"href":"https:\/\/www.frauen-von-schoenstatt.de\/es\/wp-json\/wp\/v2\/media?parent=1122"}],"curies":[{"name":"wp","href":"https:\/\/api.w.org\/{rel}","templated":true}]}}