{"id":1114,"date":"2021-01-22T21:39:31","date_gmt":"2021-01-22T20:39:31","guid":{"rendered":"https:\/\/www.frauen-von-schoenstatt.de\/ueber-uns\/el-fundador-y-las-cofundadoras\/maria-hilfrich-1889-1965\/"},"modified":"2021-01-22T21:39:31","modified_gmt":"2021-01-22T20:39:31","slug":"maria-hilfrich-1889-1965","status":"publish","type":"page","link":"https:\/\/www.frauen-von-schoenstatt.de\/es\/sobre-nosotras\/el-fundador-y-las-cofundadoras\/maria-hilfrich-1889-1965\/","title":{"rendered":"Maria Hilfrich (1889-1965)"},"content":{"rendered":"\t\t<div data-elementor-type=\"wp-page\" data-elementor-id=\"1114\" class=\"elementor elementor-1114 elementor-521\" data-elementor-post-type=\"page\">\n\t\t\t\t\t\t<section class=\"elementor-section elementor-top-section elementor-element elementor-element-271db5b elementor-section-boxed elementor-section-height-default elementor-section-height-default elementor-columns-alignment-fix-enabled\" data-id=\"271db5b\" data-element_type=\"section\" data-e-type=\"section\">\n\t\t\t\t\t\t<div class=\"elementor-container elementor-column-gap-wide\">\n\t\t\t\t\t<div class=\"elementor-column elementor-col-66 elementor-top-column elementor-element elementor-element-0b609c6\" data-id=\"0b609c6\" data-element_type=\"column\" data-e-type=\"column\">\n\t\t\t<div class=\"elementor-widget-wrap elementor-element-populated\">\n\t\t\t\t\t\t<div class=\"elementor-element elementor-element-2f52820 elementor-widget elementor-widget-heading\" data-id=\"2f52820\" data-element_type=\"widget\" data-e-type=\"widget\" data-widget_type=\"heading.default\">\n\t\t\t\t<div class=\"elementor-widget-container\">\n\t\t\t\t\t<h1 class=\"elementor-heading-title elementor-size-default\">Maria Hilfrich<\/h1>\t\t\t\t<\/div>\n\t\t\t\t<\/div>\n\t\t\t\t<div class=\"elementor-element elementor-element-fe1a70c elementor-widget elementor-widget-heading\" data-id=\"fe1a70c\" data-element_type=\"widget\" data-e-type=\"widget\" data-widget_type=\"heading.default\">\n\t\t\t\t<div class=\"elementor-widget-container\">\n\t\t\t\t\t<p class=\"elementor-heading-title elementor-size-default\">(1889-1965)<\/p>\t\t\t\t<\/div>\n\t\t\t\t<\/div>\n\t\t\t\t<div class=\"elementor-element elementor-element-5b3ff8a elementor-blockquote--skin-quotation elementor-blockquote--align-center elementor-widget elementor-widget-blockquote\" data-id=\"5b3ff8a\" data-element_type=\"widget\" data-e-type=\"widget\" data-widget_type=\"blockquote.default\">\n\t\t\t\t<div class=\"elementor-widget-container\">\n\t\t\t\t\t\t\t<blockquote class=\"elementor-blockquote\">\n\t\t\t<p class=\"elementor-blockquote__content\">\n\t\t\t\t\u00abSolo Dios basta.\u00bb\t\t\t<\/p>\n\t\t\t\t\t<\/blockquote>\n\t\t\t\t\t\t<\/div>\n\t\t\t\t<\/div>\n\t\t\t\t<div class=\"elementor-element elementor-element-40cfdda elementor-widget elementor-widget-text-editor\" data-id=\"40cfdda\" data-element_type=\"widget\" data-e-type=\"widget\" data-widget_type=\"text-editor.default\">\n\t\t\t\t<div class=\"elementor-widget-container\">\n\t\t\t\t\t\t\t\t\t<p>Maria Hilfrich naci\u00f3 el 15 de mayo de 1889 en Siershahn, en la regi\u00f3n de la Cordillera del Taunus. Fue docente y fund\u00f3 en 1926 una escuela de formaci\u00f3n profesional para mujeres j\u00f3venes. Fue una de las primeras mujeres en las ramas femeninas del Movimiento de Schoenstatt, donde desempe\u00f1\u00f3 por largo tiempo tareas de responsabilidad.  <\/p>\n<p>Por su colaboraci\u00f3n en Schoenstatt y sus convicciones religiosas fue objeto de las sospechas de la Gestapo. En el refer\u00e9ndum de 1938 para la anexi\u00f3n de Austria entreg\u00f3 una papeleta en blanco. A ra\u00edz de lo que ense\u00f1aba en sus clases, que iba en contra de los valores nacionalsocialistas, fue trasladada a otro lugar de trabajo. Finalmente, el 5 de noviembre de 1942 fue encarcelada. En marzo de 1943 fue deportada sin juicio previo en \u00abprisi\u00f3n preventiva\u00bb al campo de concentraci\u00f3n de mujeres de Ravensbr\u00fcck, donde fue incorporada a una columna de trabajos forzados en la empresa Siemens. All\u00ed procur\u00f3 acompa\u00f1ar y ayudar a otras prisioneras. Por ejemplo, a pesar de que las visitas estaban prohibidas, se preocup\u00f3 reiteradamente de asistir en su lecho de muerte a Lotte Holubars, otra integrante del grupo de mujeres que estaban en camino de formar el futuro Instituto Nuestra Se\u00f1ora de Schoenstatt. A pesar de las dif\u00edciles circunstancias de vida del campo de concentraci\u00f3n, que implicaban humillaci\u00f3n, hambre, nostalgia e injusticias, se destac\u00f3 por una profunda y aut\u00e9ntica espiritualidad, que determinaba su forma de actuar.        <\/p>\n<p>El 21 de abril de 1945 fue liberada del campo de concentraci\u00f3n y regres\u00f3 a casa por azarosos caminos. En julio lleg\u00f3 a Niderselters y comenz\u00f3 a trabajar nuevamente en la escuela primaria de Siershahn, donde fue directora de 1947 a 1955.   Muri\u00f3 el 1 de octubre de 1965. El ayuntamiento de Siershahn le otorg\u00f3 a t\u00edtulo p\u00f3stumo la ciudadan\u00eda de honor de la localidad.<\/p>\n\t\t\t\t\t\t\t\t<\/div>\n\t\t\t\t<\/div>\n\t\t\t\t\t<\/div>\n\t\t<\/div>\n\t\t\t\t<div class=\"elementor-column elementor-col-33 elementor-top-column elementor-element elementor-element-bee8611\" data-id=\"bee8611\" data-element_type=\"column\" data-e-type=\"column\">\n\t\t\t<div class=\"elementor-widget-wrap elementor-element-populated\">\n\t\t\t\t\t\t<div class=\"elementor-element elementor-element-be4b900 elementor-widget elementor-widget-image\" data-id=\"be4b900\" data-element_type=\"widget\" data-e-type=\"widget\" data-widget_type=\"image.default\">\n\t\t\t\t<div class=\"elementor-widget-container\">\n\t\t\t\t\t\t\t\t\t\t\t\t\t\t\t<img fetchpriority=\"high\" decoding=\"async\" width=\"768\" height=\"768\" src=\"https:\/\/www.frauen-von-schoenstatt.de\/wp-content\/uploads\/2019\/09\/Hilfrich_Maria_1x1-sepia-768x768.jpg\" class=\"attachment-medium_large size-medium_large wp-image-919\" alt=\"\" srcset=\"https:\/\/www.frauen-von-schoenstatt.de\/wp-content\/uploads\/2019\/09\/Hilfrich_Maria_1x1-sepia-768x768.jpg 768w, https:\/\/www.frauen-von-schoenstatt.de\/wp-content\/uploads\/2019\/09\/Hilfrich_Maria_1x1-sepia-150x150.jpg 150w, https:\/\/www.frauen-von-schoenstatt.de\/wp-content\/uploads\/2019\/09\/Hilfrich_Maria_1x1-sepia-300x300.jpg 300w, https:\/\/www.frauen-von-schoenstatt.de\/wp-content\/uploads\/2019\/09\/Hilfrich_Maria_1x1-sepia-1024x1024.jpg 1024w, https:\/\/www.frauen-von-schoenstatt.de\/wp-content\/uploads\/2019\/09\/Hilfrich_Maria_1x1-sepia.jpg 1489w\" sizes=\"(max-width: 768px) 100vw, 768px\" \/>\t\t\t\t\t\t\t\t\t\t\t\t\t\t\t<\/div>\n\t\t\t\t<\/div>\n\t\t\t\t\t<\/div>\n\t\t<\/div>\n\t\t\t\t\t<\/div>\n\t\t<\/section>\n\t\t\t\t<\/div>\n\t\t","protected":false},"excerpt":{"rendered":"<p>Maria Hilfrich (1889-1965) \u00abSolo Dios basta.\u00bb Maria Hilfrich naci\u00f3 el 15 de mayo de 1889 en Siershahn, en la regi\u00f3n de la Cordillera del Taunus. Fue docente y fund\u00f3 en 1926 una escuela de formaci\u00f3n profesional para mujeres j\u00f3venes. Fue una de las primeras mujeres en las ramas femeninas del Movimiento de Schoenstatt, donde desempe\u00f1\u00f3 &#8230; <a title=\"Maria Hilfrich (1889-1965)\" class=\"read-more\" href=\"https:\/\/www.frauen-von-schoenstatt.de\/es\/sobre-nosotras\/el-fundador-y-las-cofundadoras\/maria-hilfrich-1889-1965\/\" aria-label=\"Leer m\u00e1s sobre Maria Hilfrich (1889-1965)\">Leer m\u00e1s<\/a><\/p>\n","protected":false},"author":1,"featured_media":0,"parent":1086,"menu_order":2,"comment_status":"closed","ping_status":"closed","template":"","meta":{"_acf_changed":false,"footnotes":""},"class_list":["post-1114","page","type-page","status-publish"],"acf":[],"_links":{"self":[{"href":"https:\/\/www.frauen-von-schoenstatt.de\/es\/wp-json\/wp\/v2\/pages\/1114","targetHints":{"allow":["GET"]}}],"collection":[{"href":"https:\/\/www.frauen-von-schoenstatt.de\/es\/wp-json\/wp\/v2\/pages"}],"about":[{"href":"https:\/\/www.frauen-von-schoenstatt.de\/es\/wp-json\/wp\/v2\/types\/page"}],"author":[{"embeddable":true,"href":"https:\/\/www.frauen-von-schoenstatt.de\/es\/wp-json\/wp\/v2\/users\/1"}],"replies":[{"embeddable":true,"href":"https:\/\/www.frauen-von-schoenstatt.de\/es\/wp-json\/wp\/v2\/comments?post=1114"}],"version-history":[{"count":3,"href":"https:\/\/www.frauen-von-schoenstatt.de\/es\/wp-json\/wp\/v2\/pages\/1114\/revisions"}],"predecessor-version":[{"id":1117,"href":"https:\/\/www.frauen-von-schoenstatt.de\/es\/wp-json\/wp\/v2\/pages\/1114\/revisions\/1117"}],"up":[{"embeddable":true,"href":"https:\/\/www.frauen-von-schoenstatt.de\/es\/wp-json\/wp\/v2\/pages\/1086"}],"wp:attachment":[{"href":"https:\/\/www.frauen-von-schoenstatt.de\/es\/wp-json\/wp\/v2\/media?parent=1114"}],"curies":[{"name":"wp","href":"https:\/\/api.w.org\/{rel}","templated":true}]}}