{"id":1107,"date":"2021-01-22T21:37:41","date_gmt":"2021-01-22T20:37:41","guid":{"rendered":"https:\/\/www.frauen-von-schoenstatt.de\/ueber-uns\/el-fundador-y-las-cofundadoras\/eugenie-mahringer-1906-1988\/"},"modified":"2021-01-22T21:37:43","modified_gmt":"2021-01-22T20:37:43","slug":"eugenie-mahringer-1906-1988","status":"publish","type":"page","link":"https:\/\/www.frauen-von-schoenstatt.de\/es\/sobre-nosotras\/el-fundador-y-las-cofundadoras\/eugenie-mahringer-1906-1988\/","title":{"rendered":"Eugenie Mahringer (1906-1988)"},"content":{"rendered":"\t\t<div data-elementor-type=\"wp-page\" data-elementor-id=\"1107\" class=\"elementor elementor-1107 elementor-523\" data-elementor-post-type=\"page\">\n\t\t\t\t\t\t<section class=\"elementor-section elementor-top-section elementor-element elementor-element-271db5b elementor-section-boxed elementor-section-height-default elementor-section-height-default elementor-columns-alignment-fix-enabled\" data-id=\"271db5b\" data-element_type=\"section\" data-e-type=\"section\">\n\t\t\t\t\t\t<div class=\"elementor-container elementor-column-gap-wide\">\n\t\t\t\t\t<div class=\"elementor-column elementor-col-66 elementor-top-column elementor-element elementor-element-0b609c6\" data-id=\"0b609c6\" data-element_type=\"column\" data-e-type=\"column\">\n\t\t\t<div class=\"elementor-widget-wrap elementor-element-populated\">\n\t\t\t\t\t\t<div class=\"elementor-element elementor-element-2f52820 elementor-widget elementor-widget-heading\" data-id=\"2f52820\" data-element_type=\"widget\" data-e-type=\"widget\" data-widget_type=\"heading.default\">\n\t\t\t\t<div class=\"elementor-widget-container\">\n\t\t\t\t\t<h1 class=\"elementor-heading-title elementor-size-default\">Eugenie Mahringer<\/h1>\t\t\t\t<\/div>\n\t\t\t\t<\/div>\n\t\t\t\t<div class=\"elementor-element elementor-element-fe1a70c elementor-widget elementor-widget-heading\" data-id=\"fe1a70c\" data-element_type=\"widget\" data-e-type=\"widget\" data-widget_type=\"heading.default\">\n\t\t\t\t<div class=\"elementor-widget-container\">\n\t\t\t\t\t<p class=\"elementor-heading-title elementor-size-default\"> (1909-1994)\u200b<\/p>\t\t\t\t<\/div>\n\t\t\t\t<\/div>\n\t\t\t\t<div class=\"elementor-element elementor-element-5b3ff8a elementor-blockquote--skin-quotation elementor-blockquote--align-center elementor-widget elementor-widget-blockquote\" data-id=\"5b3ff8a\" data-element_type=\"widget\" data-e-type=\"widget\" data-widget_type=\"blockquote.default\">\n\t\t\t\t<div class=\"elementor-widget-container\">\n\t\t\t\t\t\t\t<blockquote class=\"elementor-blockquote\">\n\t\t\t<p class=\"elementor-blockquote__content\">\n\t\t\t\t\u00abS\u00e9 en qui\u00e9n he cre\u00eddo.\u00bb \t\t\t<\/p>\n\t\t\t\t\t\t\t<div class=\"e-q-footer\">\n\t\t\t\t\t\t\t\t\t\t\t<cite class=\"elementor-blockquote__author\">(2 Tim 1,12)<\/cite>\n\t\t\t\t\t\t\t\t\t\t\t\t\t\t<\/div>\n\t\t\t\t\t<\/blockquote>\n\t\t\t\t\t\t<\/div>\n\t\t\t\t<\/div>\n\t\t\t\t<div class=\"elementor-element elementor-element-40cfdda elementor-widget elementor-widget-text-editor\" data-id=\"40cfdda\" data-element_type=\"widget\" data-e-type=\"widget\" data-widget_type=\"text-editor.default\">\n\t\t\t\t<div class=\"elementor-widget-container\">\n\t\t\t\t\t\t\t\t\t<p>Eugenie Mahringer naci\u00f3 el 18 de noviembre de 1906 en Schw\u00e4bisch Gm\u00fcnd.<\/p>\n<p>Fue maestra de manualidades, econom\u00eda dom\u00e9stica y deporte.<\/p>\n<p>Su personalidad estuvo marcada hasta el fondo por un profundo amor a Mar\u00eda vinculado a una \u00edntima uni\u00f3n con Cristo, amor y uni\u00f3n que la motivaron para su compromiso con el Movimiento de Schoenstatt.<\/p>\n<p>A partir de 1931 fue llamada por el P. Kentenich a Schoenstatt para dedicarse en exclusiva a dirigir la juventud femenina del Movimiento. Por orden de las autoridades del r\u00e9gimen nacionalsocialista, en 1933 tuvo que regresar al servicio docente en Ochsenhausen (distrito de Biberach), desde donde sigui\u00f3 dirigiendo hasta 1937 ad honorem la juventud femenina de Schoenstatt.  <\/p>\n<p>Cuando se form\u00f3 la comunidad del Instituto de Nuestra Se\u00f1ora de Schoenstatt, a Eugenie Mahringer se le encarg\u00f3 nuevamente una tarea de conducci\u00f3n.<\/p>\n<p>Prepar\u00f3 la ampliaci\u00f3n de la fundaci\u00f3n de la comunidad en el plano internacional: fue por iniciativa suya que miembros de la comunidad partieron a Chile a fin de difundir tambi\u00e9n en Am\u00e9rica Latina el Instituto Secular Nuestra Se\u00f1ora de Schoenstatt.<\/p>\n<\/p>\n<p>Eugenie Mahringer falleci\u00f3 el 14 de julio de 1988 en Stuttgart.<\/p>\n\t\t\t\t\t\t\t\t<\/div>\n\t\t\t\t<\/div>\n\t\t\t\t\t<\/div>\n\t\t<\/div>\n\t\t\t\t<div class=\"elementor-column elementor-col-33 elementor-top-column elementor-element elementor-element-bee8611\" data-id=\"bee8611\" data-element_type=\"column\" data-e-type=\"column\">\n\t\t\t<div class=\"elementor-widget-wrap elementor-element-populated\">\n\t\t\t\t\t\t<div class=\"elementor-element elementor-element-be4b900 elementor-widget elementor-widget-image\" data-id=\"be4b900\" data-element_type=\"widget\" data-e-type=\"widget\" data-widget_type=\"image.default\">\n\t\t\t\t<div class=\"elementor-widget-container\">\n\t\t\t\t\t\t\t\t\t\t\t\t\t\t\t<img fetchpriority=\"high\" decoding=\"async\" width=\"768\" height=\"768\" src=\"https:\/\/www.frauen-von-schoenstatt.de\/wp-content\/uploads\/2019\/09\/eugenie-mahringer-portrait-1x1-sepia-maskiert-768x768.jpg\" class=\"attachment-medium_large size-medium_large wp-image-923\" alt=\"\" srcset=\"https:\/\/www.frauen-von-schoenstatt.de\/wp-content\/uploads\/2019\/09\/eugenie-mahringer-portrait-1x1-sepia-maskiert-768x768.jpg 768w, https:\/\/www.frauen-von-schoenstatt.de\/wp-content\/uploads\/2019\/09\/eugenie-mahringer-portrait-1x1-sepia-maskiert-150x150.jpg 150w, https:\/\/www.frauen-von-schoenstatt.de\/wp-content\/uploads\/2019\/09\/eugenie-mahringer-portrait-1x1-sepia-maskiert-300x300.jpg 300w, https:\/\/www.frauen-von-schoenstatt.de\/wp-content\/uploads\/2019\/09\/eugenie-mahringer-portrait-1x1-sepia-maskiert-1024x1024.jpg 1024w, https:\/\/www.frauen-von-schoenstatt.de\/wp-content\/uploads\/2019\/09\/eugenie-mahringer-portrait-1x1-sepia-maskiert.jpg 1336w\" sizes=\"(max-width: 768px) 100vw, 768px\" \/>\t\t\t\t\t\t\t\t\t\t\t\t\t\t\t<\/div>\n\t\t\t\t<\/div>\n\t\t\t\t\t<\/div>\n\t\t<\/div>\n\t\t\t\t\t<\/div>\n\t\t<\/section>\n\t\t\t\t<\/div>\n\t\t","protected":false},"excerpt":{"rendered":"<p>Eugenie Mahringer (1909-1994)\u200b \u00abS\u00e9 en qui\u00e9n he cre\u00eddo.\u00bb (2 Tim 1,12) Eugenie Mahringer naci\u00f3 el 18 de noviembre de 1906 en Schw\u00e4bisch Gm\u00fcnd. Fue maestra de manualidades, econom\u00eda dom\u00e9stica y deporte. Su personalidad estuvo marcada hasta el fondo por un profundo amor a Mar\u00eda vinculado a una \u00edntima uni\u00f3n con Cristo, amor y uni\u00f3n que &#8230; <a title=\"Eugenie Mahringer (1906-1988)\" class=\"read-more\" href=\"https:\/\/www.frauen-von-schoenstatt.de\/es\/sobre-nosotras\/el-fundador-y-las-cofundadoras\/eugenie-mahringer-1906-1988\/\" aria-label=\"Leer m\u00e1s sobre Eugenie Mahringer (1906-1988)\">Leer m\u00e1s<\/a><\/p>\n","protected":false},"author":1,"featured_media":0,"parent":1086,"menu_order":4,"comment_status":"closed","ping_status":"closed","template":"","meta":{"_acf_changed":false,"footnotes":""},"class_list":["post-1107","page","type-page","status-publish"],"acf":[],"_links":{"self":[{"href":"https:\/\/www.frauen-von-schoenstatt.de\/es\/wp-json\/wp\/v2\/pages\/1107","targetHints":{"allow":["GET"]}}],"collection":[{"href":"https:\/\/www.frauen-von-schoenstatt.de\/es\/wp-json\/wp\/v2\/pages"}],"about":[{"href":"https:\/\/www.frauen-von-schoenstatt.de\/es\/wp-json\/wp\/v2\/types\/page"}],"author":[{"embeddable":true,"href":"https:\/\/www.frauen-von-schoenstatt.de\/es\/wp-json\/wp\/v2\/users\/1"}],"replies":[{"embeddable":true,"href":"https:\/\/www.frauen-von-schoenstatt.de\/es\/wp-json\/wp\/v2\/comments?post=1107"}],"version-history":[{"count":5,"href":"https:\/\/www.frauen-von-schoenstatt.de\/es\/wp-json\/wp\/v2\/pages\/1107\/revisions"}],"predecessor-version":[{"id":1112,"href":"https:\/\/www.frauen-von-schoenstatt.de\/es\/wp-json\/wp\/v2\/pages\/1107\/revisions\/1112"}],"up":[{"embeddable":true,"href":"https:\/\/www.frauen-von-schoenstatt.de\/es\/wp-json\/wp\/v2\/pages\/1086"}],"wp:attachment":[{"href":"https:\/\/www.frauen-von-schoenstatt.de\/es\/wp-json\/wp\/v2\/media?parent=1107"}],"curies":[{"name":"wp","href":"https:\/\/api.w.org\/{rel}","templated":true}]}}