{"id":1098,"date":"2021-01-22T21:31:38","date_gmt":"2021-01-22T20:31:38","guid":{"rendered":"https:\/\/www.frauen-von-schoenstatt.de\/ueber-uns\/el-fundador-y-las-cofundadoras\/liesel-schmaeh-1901-1983\/"},"modified":"2021-01-22T21:31:39","modified_gmt":"2021-01-22T20:31:39","slug":"liesel-schmaeh-1901-1983","status":"publish","type":"page","link":"https:\/\/www.frauen-von-schoenstatt.de\/es\/sobre-nosotras\/el-fundador-y-las-cofundadoras\/liesel-schmaeh-1901-1983\/","title":{"rendered":"Liesel Schm\u00e4h (1901-1983)"},"content":{"rendered":"\t\t<div data-elementor-type=\"wp-page\" data-elementor-id=\"1098\" class=\"elementor elementor-1098 elementor-508\" data-elementor-post-type=\"page\">\n\t\t\t\t\t\t<section class=\"elementor-section elementor-top-section elementor-element elementor-element-271db5b elementor-section-boxed elementor-section-height-default elementor-section-height-default elementor-columns-alignment-fix-enabled\" data-id=\"271db5b\" data-element_type=\"section\" data-e-type=\"section\">\n\t\t\t\t\t\t<div class=\"elementor-container elementor-column-gap-wide\">\n\t\t\t\t\t<div class=\"elementor-column elementor-col-66 elementor-top-column elementor-element elementor-element-0b609c6\" data-id=\"0b609c6\" data-element_type=\"column\" data-e-type=\"column\">\n\t\t\t<div class=\"elementor-widget-wrap elementor-element-populated\">\n\t\t\t\t\t\t<div class=\"elementor-element elementor-element-2f52820 elementor-widget elementor-widget-heading\" data-id=\"2f52820\" data-element_type=\"widget\" data-e-type=\"widget\" data-widget_type=\"heading.default\">\n\t\t\t\t<div class=\"elementor-widget-container\">\n\t\t\t\t\t<h1 class=\"elementor-heading-title elementor-size-default\">Liesel Schm\u00e4h<\/h1>\t\t\t\t<\/div>\n\t\t\t\t<\/div>\n\t\t\t\t<div class=\"elementor-element elementor-element-fe1a70c elementor-widget elementor-widget-heading\" data-id=\"fe1a70c\" data-element_type=\"widget\" data-e-type=\"widget\" data-widget_type=\"heading.default\">\n\t\t\t\t<div class=\"elementor-widget-container\">\n\t\t\t\t\t<p class=\"elementor-heading-title elementor-size-default\">(1901-1983)<\/p>\t\t\t\t<\/div>\n\t\t\t\t<\/div>\n\t\t\t\t<div class=\"elementor-element elementor-element-5b3ff8a elementor-blockquote--skin-quotation elementor-blockquote--align-center elementor-widget elementor-widget-blockquote\" data-id=\"5b3ff8a\" data-element_type=\"widget\" data-e-type=\"widget\" data-widget_type=\"blockquote.default\">\n\t\t\t\t<div class=\"elementor-widget-container\">\n\t\t\t\t\t\t\t<blockquote class=\"elementor-blockquote\">\n\t\t\t<p class=\"elementor-blockquote__content\">\n\t\t\t\tUna mujer impresionante: maternal, entusiasta, piadosa y transparente.\t\t\t<\/p>\n\t\t\t\t\t<\/blockquote>\n\t\t\t\t\t\t<\/div>\n\t\t\t\t<\/div>\n\t\t\t\t<div class=\"elementor-element elementor-element-40cfdda elementor-widget elementor-widget-text-editor\" data-id=\"40cfdda\" data-element_type=\"widget\" data-e-type=\"widget\" data-widget_type=\"text-editor.default\">\n\t\t\t\t<div class=\"elementor-widget-container\">\n\t\t\t\t\t\t\t\t\t<p>Liesel Schm\u00e4h naci\u00f3 el 15 de marzo de 1901 y se crio en Friedrichshafen.<\/p>\n<p>Ejerci\u00f3 la docencia como maestra; conoci\u00f3 Schoenstatt en los primeros a\u00f1os del ejercicio de su profesi\u00f3n y a partir de 1924 particip\u00f3 todos los a\u00f1os en los retiros para mujeres docentes dictados por el P. Kentenich. <\/p>\n<p>En el tiempo del Tercer Reich, fue la responsable principal de la naciente comunidad de las se\u00f1oras de Schoenstatt hasta la constituci\u00f3n del Instituto Nuestra Se\u00f1ora de Schoenstatt en 1946. Fue en atenci\u00f3n a ese objetivo que abandon\u00f3 su profesi\u00f3n y se mud\u00f3 a Schoenstatt, una acci\u00f3n que en aquella \u00e9poca implicaba sus riesgos. Vivi\u00f3 con una confianza total en el cuidado providente de Dios y respald\u00f3 sus convicciones con su propia manera de vivir.  <\/p>\n<p>En el trato con los dem\u00e1s era una mujer cordial, maternal, que cuidaba de que los que llegaban a Schoenstatt pudiesen sentirse en casa. A pesar de la prohibici\u00f3n de los nazis, ofreci\u00f3 a las integrantes la naciente comunidad la posibilidad de mantener encuentros grupales. Muchas personas pudieron desahogarse con ella de sus problemas y recibir su consejo y ayuda en las m\u00e1s variadas dificultades.  <\/p>\n<p>Una y otra vez entr\u00f3 en conflicto con el r\u00e9gimen nacionalsocialista. En 1936 fue trasladada a la fuerza a otro lugar de trabajo en castigo por su postura contraria al r\u00e9gimen. Fue vigilada por la Gestapo y, en una ocasi\u00f3n, estuvo cerca de que la enviaran a prisi\u00f3n. Por ese motivo tuvo que dejar su lugar de residencia en Schoenstatt. Comenz\u00f3 as\u00ed un tiempo de continuas mudanzas, pero ella aprovech\u00f3 tambi\u00e9n esa circunstancia para acompa\u00f1ar pastoralmente a sus hermanas de comunidad.   <\/p>\n<p>Su preocupaci\u00f3n estuvo centrada siempre en las dem\u00e1s, aun cuando por ello se expusiese a grandes peligros. Varias veces apoy\u00f3 a miembros de la comunidad que hab\u00edan sido denunciadas a la Gestapo.<\/p>\n<p>Tambi\u00e9n puso todo su empe\u00f1o en ayudar a los sacerdotes internados en el campo de concentraci\u00f3n de Dachau organizando transportes de alimentos y buscando personas que recibiesen en sus casas a los exconvictos tras su liberaci\u00f3n.<\/p>\n<p>En 1946 retom\u00f3 su profesi\u00f3n originaria como docente. Sus alumnos y compa\u00f1eros la recuerdan con mucho cari\u00f1o por su modo de ser c\u00e1lido y encantador, as\u00ed como tambi\u00e9n por su profunda uni\u00f3n con Dios. <\/p>\n<p>En Friedrichshafen se la recuerda en la historia de la ciudad como <a href=\"https:\/\/www.seehasenfest.de\/historisches\/\" target=\"_blank\" rel=\"noopener\">la iniciadora de la <em>\u00abFiesta del conejo lacustre\u00bb (Seehasenfest)<\/em><\/a>, un festival local de la ciudad especialmente dedicado a los ni\u00f1os que sigue celebr\u00e1ndose anualmente en la actualidad.<\/p>\n<p>Liesel Schm\u00e4h falleci\u00f3 el 3 de junio de 1983.<\/p>\n\t\t\t\t\t\t\t\t<\/div>\n\t\t\t\t<\/div>\n\t\t\t\t\t<\/div>\n\t\t<\/div>\n\t\t\t\t<div class=\"elementor-column elementor-col-33 elementor-top-column elementor-element elementor-element-bee8611\" data-id=\"bee8611\" data-element_type=\"column\" data-e-type=\"column\">\n\t\t\t<div class=\"elementor-widget-wrap elementor-element-populated\">\n\t\t\t\t\t\t<div class=\"elementor-element elementor-element-be4b900 elementor-widget elementor-widget-image\" data-id=\"be4b900\" data-element_type=\"widget\" data-e-type=\"widget\" data-widget_type=\"image.default\">\n\t\t\t\t<div class=\"elementor-widget-container\">\n\t\t\t\t\t\t\t\t\t\t\t\t\t\t\t<img fetchpriority=\"high\" decoding=\"async\" width=\"768\" height=\"768\" src=\"https:\/\/www.frauen-von-schoenstatt.de\/wp-content\/uploads\/2019\/09\/Schm\u00e4h_1x1-sepia-768x768.jpg\" class=\"attachment-medium_large size-medium_large wp-image-917\" alt=\"\" srcset=\"https:\/\/www.frauen-von-schoenstatt.de\/wp-content\/uploads\/2019\/09\/Schm\u00e4h_1x1-sepia-768x768.jpg 768w, https:\/\/www.frauen-von-schoenstatt.de\/wp-content\/uploads\/2019\/09\/Schm\u00e4h_1x1-sepia-150x150.jpg 150w, https:\/\/www.frauen-von-schoenstatt.de\/wp-content\/uploads\/2019\/09\/Schm\u00e4h_1x1-sepia-300x300.jpg 300w, https:\/\/www.frauen-von-schoenstatt.de\/wp-content\/uploads\/2019\/09\/Schm\u00e4h_1x1-sepia-1024x1024.jpg 1024w, https:\/\/www.frauen-von-schoenstatt.de\/wp-content\/uploads\/2019\/09\/Schm\u00e4h_1x1-sepia.jpg 2000w\" sizes=\"(max-width: 768px) 100vw, 768px\" \/>\t\t\t\t\t\t\t\t\t\t\t\t\t\t\t<\/div>\n\t\t\t\t<\/div>\n\t\t\t\t\t<\/div>\n\t\t<\/div>\n\t\t\t\t\t<\/div>\n\t\t<\/section>\n\t\t\t\t<\/div>\n\t\t","protected":false},"excerpt":{"rendered":"<p>Liesel Schm\u00e4h (1901-1983) Una mujer impresionante: maternal, entusiasta, piadosa y transparente. Liesel Schm\u00e4h naci\u00f3 el 15 de marzo de 1901 y se crio en Friedrichshafen. Ejerci\u00f3 la docencia como maestra; conoci\u00f3 Schoenstatt en los primeros a\u00f1os del ejercicio de su profesi\u00f3n y a partir de 1924 particip\u00f3 todos los a\u00f1os en los retiros para mujeres &#8230; <a title=\"Liesel Schm\u00e4h (1901-1983)\" class=\"read-more\" href=\"https:\/\/www.frauen-von-schoenstatt.de\/es\/sobre-nosotras\/el-fundador-y-las-cofundadoras\/liesel-schmaeh-1901-1983\/\" aria-label=\"Leer m\u00e1s sobre Liesel Schm\u00e4h (1901-1983)\">Leer m\u00e1s<\/a><\/p>\n","protected":false},"author":1,"featured_media":0,"parent":1086,"menu_order":3,"comment_status":"closed","ping_status":"closed","template":"","meta":{"_acf_changed":false,"footnotes":""},"class_list":["post-1098","page","type-page","status-publish"],"acf":[],"_links":{"self":[{"href":"https:\/\/www.frauen-von-schoenstatt.de\/es\/wp-json\/wp\/v2\/pages\/1098","targetHints":{"allow":["GET"]}}],"collection":[{"href":"https:\/\/www.frauen-von-schoenstatt.de\/es\/wp-json\/wp\/v2\/pages"}],"about":[{"href":"https:\/\/www.frauen-von-schoenstatt.de\/es\/wp-json\/wp\/v2\/types\/page"}],"author":[{"embeddable":true,"href":"https:\/\/www.frauen-von-schoenstatt.de\/es\/wp-json\/wp\/v2\/users\/1"}],"replies":[{"embeddable":true,"href":"https:\/\/www.frauen-von-schoenstatt.de\/es\/wp-json\/wp\/v2\/comments?post=1098"}],"version-history":[{"count":4,"href":"https:\/\/www.frauen-von-schoenstatt.de\/es\/wp-json\/wp\/v2\/pages\/1098\/revisions"}],"predecessor-version":[{"id":1102,"href":"https:\/\/www.frauen-von-schoenstatt.de\/es\/wp-json\/wp\/v2\/pages\/1098\/revisions\/1102"}],"up":[{"embeddable":true,"href":"https:\/\/www.frauen-von-schoenstatt.de\/es\/wp-json\/wp\/v2\/pages\/1086"}],"wp:attachment":[{"href":"https:\/\/www.frauen-von-schoenstatt.de\/es\/wp-json\/wp\/v2\/media?parent=1098"}],"curies":[{"name":"wp","href":"https:\/\/api.w.org\/{rel}","templated":true}]}}