{"id":1042,"date":"2019-06-27T16:35:39","date_gmt":"2019-06-27T14:35:39","guid":{"rendered":"https:\/\/www.frauen-von-schoenstatt.de\/ueber-uns\/"},"modified":"2021-02-26T15:04:14","modified_gmt":"2021-02-26T14:04:14","slug":"sobre-nosotras","status":"publish","type":"page","link":"https:\/\/www.frauen-von-schoenstatt.de\/es\/sobre-nosotras\/","title":{"rendered":"Sobre nosotras"},"content":{"rendered":"\t\t<div data-elementor-type=\"wp-post\" data-elementor-id=\"1042\" class=\"elementor elementor-1042 elementor-16\" data-elementor-post-type=\"page\">\n\t\t\t\t\t\t<section class=\"elementor-section elementor-top-section elementor-element elementor-element-33a8d6b0 elementor-section-height-min-height elementor-section-boxed elementor-section-height-default elementor-section-items-middle elementor-columns-alignment-fix-enabled\" data-id=\"33a8d6b0\" data-element_type=\"section\" data-e-type=\"section\" data-settings=\"{&quot;background_background&quot;:&quot;classic&quot;,&quot;background_motion_fx_motion_fx_scrolling&quot;:&quot;yes&quot;,&quot;background_motion_fx_translateY_effect&quot;:&quot;yes&quot;,&quot;background_motion_fx_translateY_direction&quot;:&quot;negative&quot;,&quot;background_motion_fx_translateY_speed&quot;:{&quot;unit&quot;:&quot;px&quot;,&quot;size&quot;:5,&quot;sizes&quot;:[]},&quot;background_motion_fx_translateY_affectedRange&quot;:{&quot;unit&quot;:&quot;%&quot;,&quot;size&quot;:&quot;&quot;,&quot;sizes&quot;:{&quot;start&quot;:0,&quot;end&quot;:100}},&quot;background_motion_fx_devices&quot;:[&quot;desktop&quot;,&quot;tablet&quot;,&quot;mobile&quot;]}\">\n\t\t\t\t\t\t<div class=\"elementor-container elementor-column-gap-default\">\n\t\t\t\t\t<div class=\"elementor-column elementor-col-100 elementor-top-column elementor-element elementor-element-5e6361c1\" data-id=\"5e6361c1\" data-element_type=\"column\" data-e-type=\"column\" data-settings=\"{&quot;background_background&quot;:&quot;classic&quot;}\">\n\t\t\t<div class=\"elementor-widget-wrap\">\n\t\t\t\t\t\t\t<\/div>\n\t\t<\/div>\n\t\t\t\t\t<\/div>\n\t\t<\/section>\n\t\t\t\t<section class=\"elementor-section elementor-top-section elementor-element elementor-element-c73c564 elementor-section-boxed elementor-section-height-default elementor-section-height-default elementor-columns-alignment-fix-enabled\" data-id=\"c73c564\" data-element_type=\"section\" data-e-type=\"section\">\n\t\t\t\t\t\t<div class=\"elementor-container elementor-column-gap-default\">\n\t\t\t\t\t<div class=\"elementor-column elementor-col-100 elementor-top-column elementor-element elementor-element-909da97\" data-id=\"909da97\" data-element_type=\"column\" data-e-type=\"column\">\n\t\t\t<div class=\"elementor-widget-wrap elementor-element-populated\">\n\t\t\t\t\t\t<div class=\"elementor-element elementor-element-18e5011 elementor-widget elementor-widget-heading\" data-id=\"18e5011\" data-element_type=\"widget\" data-e-type=\"widget\" data-widget_type=\"heading.default\">\n\t\t\t\t<div class=\"elementor-widget-container\">\n\t\t\t\t\t<h1 class=\"elementor-heading-title elementor-size-default\">Sobre nosotras<\/h1>\t\t\t\t<\/div>\n\t\t\t\t<\/div>\n\t\t\t\t\t<\/div>\n\t\t<\/div>\n\t\t\t\t\t<\/div>\n\t\t<\/section>\n\t\t\t\t<section class=\"elementor-section elementor-top-section elementor-element elementor-element-68a1f1f elementor-section-boxed elementor-section-height-default elementor-section-height-default elementor-columns-alignment-fix-enabled\" data-id=\"68a1f1f\" data-element_type=\"section\" data-e-type=\"section\">\n\t\t\t\t\t\t<div class=\"elementor-container elementor-column-gap-wide\">\n\t\t\t\t\t<div class=\"elementor-column elementor-col-33 elementor-top-column elementor-element elementor-element-71d57c8\" data-id=\"71d57c8\" data-element_type=\"column\" data-e-type=\"column\">\n\t\t\t<div class=\"elementor-widget-wrap elementor-element-populated\">\n\t\t\t\t\t\t<div class=\"elementor-element elementor-element-a1d8da7 elementor-widget elementor-widget-text-editor\" data-id=\"a1d8da7\" data-element_type=\"widget\" data-e-type=\"widget\" data-widget_type=\"text-editor.default\">\n\t\t\t\t<div class=\"elementor-widget-container\">\n\t\t\t\t\t\t\t\t\t<p>\u00abNuestro lugar est\u00e1 en las calles\u2026 Nos hacemos presentes en medio del mundo\u00bb: con esas palabras expres\u00f3 nuestro fundador, P. Jos\u00e9 Kentenich, lo que \u00e9l quer\u00eda con el Instituto Secular \u00abNuestra Se\u00f1ora de Schoenstatt\u00bb: vida consagrada seg\u00fan los consejos evang\u00e9licos (pobreza, castidad, obediencia), y eso en medio del mundo, en una sociedad globalizada y ampliamente secularizada.<\/p><\/p>\n\t\t\t\t\t\t\t\t<\/div>\n\t\t\t\t<\/div>\n\t\t\t\t\t<\/div>\n\t\t<\/div>\n\t\t\t\t<div class=\"elementor-column elementor-col-33 elementor-top-column elementor-element elementor-element-a44d954\" data-id=\"a44d954\" data-element_type=\"column\" data-e-type=\"column\">\n\t\t\t<div class=\"elementor-widget-wrap elementor-element-populated\">\n\t\t\t\t\t\t<div class=\"elementor-element elementor-element-77684cd elementor-widget elementor-widget-text-editor\" data-id=\"77684cd\" data-element_type=\"widget\" data-e-type=\"widget\" data-widget_type=\"text-editor.default\">\n\t\t\t\t<div class=\"elementor-widget-container\">\n\t\t\t\t\t\t\t\t\t<p>Nuestra comunidad internacional forma parte del Movimiento de Schoenstatt y vive tambi\u00e9n a partir de la espiritualidad de Schoenstatt.<\/p>\n<p>El ideal y la forma de vida de nuestro instituto est\u00e1n encarnados en Mar\u00eda, que vivi\u00f3 en medio del mundo entre los hombres y mujeres de su tiempo y comparti\u00f3 sus preocupaciones y dificultades, as\u00ed como tambi\u00e9n sus alegr\u00edas. Por ello, unidas a Mar\u00eda en una alianza de amor, abrazamos el camino del seguimiento de Cristo.<\/p><\/p>\n\t\t\t\t\t\t\t\t<\/div>\n\t\t\t\t<\/div>\n\t\t\t\t\t<\/div>\n\t\t<\/div>\n\t\t\t\t<div class=\"elementor-column elementor-col-33 elementor-top-column elementor-element elementor-element-f995bea\" data-id=\"f995bea\" data-element_type=\"column\" data-e-type=\"column\">\n\t\t\t<div class=\"elementor-widget-wrap elementor-element-populated\">\n\t\t\t\t\t\t<div class=\"elementor-element elementor-element-1dba176 elementor-widget elementor-widget-text-editor\" data-id=\"1dba176\" data-element_type=\"widget\" data-e-type=\"widget\" data-widget_type=\"text-editor.default\">\n\t\t\t\t<div class=\"elementor-widget-container\">\n\t\t\t\t\t\t\t\t\t<p>Todas las que formamos este instituto seguimos ejerciendo nuestras respectivas profesiones. Cada una de nosotras se compromete en su profesi\u00f3n a ayudar, desde su consagraci\u00f3n a Dios, a configurar su entorno seg\u00fan el esp\u00edritu de Cristo. Al igual que Mar\u00eda, todas queremos acompa\u00f1ar hoy a Cristo como colaboradoras. De ese modo, incorporamos nuestra vida cotidiana como contenido de nuestra oraci\u00f3n y procuramos imprimir al mundo el rostro de Cristo para as\u00ed vincular el mundo a Dios. La vida espiritual y el compromiso apost\u00f3lico se condicionan y complementan mutuamente.<\/p>\n\t\t\t\t\t\t\t\t<\/div>\n\t\t\t\t<\/div>\n\t\t\t\t\t<\/div>\n\t\t<\/div>\n\t\t\t\t\t<\/div>\n\t\t<\/section>\n\t\t\t\t<section class=\"elementor-section elementor-top-section elementor-element elementor-element-ddb602e elementor-section-full_width elementor-section-height-default elementor-section-height-default elementor-columns-alignment-fix-enabled\" data-id=\"ddb602e\" data-element_type=\"section\" data-e-type=\"section\" data-settings=\"{&quot;background_background&quot;:&quot;classic&quot;}\">\n\t\t\t\t\t\t<div class=\"elementor-container elementor-column-gap-default\">\n\t\t\t\t\t<div class=\"elementor-column elementor-col-100 elementor-top-column elementor-element elementor-element-f852f42\" data-id=\"f852f42\" data-element_type=\"column\" data-e-type=\"column\">\n\t\t\t<div class=\"elementor-widget-wrap elementor-element-populated\">\n\t\t\t\t\t\t<div class=\"elementor-element elementor-element-3828708 elementor-skin-carousel elementor-arrows-yes elementor-pagination-type-bullets elementor-pagination-position-outside elementor-widget elementor-widget-media-carousel\" data-id=\"3828708\" data-element_type=\"widget\" data-e-type=\"widget\" data-settings=\"{&quot;slides_per_view&quot;:&quot;3&quot;,&quot;slides_to_scroll&quot;:&quot;3&quot;,&quot;speed&quot;:1000,&quot;skin&quot;:&quot;carousel&quot;,&quot;effect&quot;:&quot;slide&quot;,&quot;show_arrows&quot;:&quot;yes&quot;,&quot;pagination&quot;:&quot;bullets&quot;,&quot;autoplay&quot;:&quot;yes&quot;,&quot;autoplay_speed&quot;:5000,&quot;loop&quot;:&quot;yes&quot;,&quot;pause_on_hover&quot;:&quot;yes&quot;,&quot;pause_on_interaction&quot;:&quot;yes&quot;,&quot;space_between&quot;:{&quot;unit&quot;:&quot;px&quot;,&quot;size&quot;:10,&quot;sizes&quot;:[]},&quot;space_between_tablet&quot;:{&quot;unit&quot;:&quot;px&quot;,&quot;size&quot;:10,&quot;sizes&quot;:[]},&quot;space_between_mobile&quot;:{&quot;unit&quot;:&quot;px&quot;,&quot;size&quot;:10,&quot;sizes&quot;:[]}}\" data-widget_type=\"media-carousel.default\">\n\t\t\t\t<div class=\"elementor-widget-container\">\n\t\t\t\t\t\t\t\t\t<div class=\"elementor-swiper\">\n\t\t\t\t\t<div class=\"elementor-main-swiper swiper\" role=\"region\" aria-roledescription=\"carousel\" aria-label=\"Diapositivas\">\n\t\t\t\t<div class=\"swiper-wrapper\">\n\t\t\t\t\t\t\t\t\t\t\t<div class=\"swiper-slide\" role=\"group\" aria-roledescription=\"slide\">\n\t\t\t\t\t\t\t<a href=\"https:\/\/www.frauen-von-schoenstatt.de\/wp-content\/uploads\/2019\/12\/ueber_uns_Frauen_von_Schoenstatt_1.jpg\" data-elementor-open-lightbox=\"yes\" data-elementor-lightbox-slideshow=\"3828708\" data-elementor-lightbox-title=\"ueber_uns_Frauen_von_Schoenstatt_1\" data-e-action-hash=\"#elementor-action%3Aaction%3Dlightbox%26settings%3DeyJpZCI6NDc3LCJ1cmwiOiJodHRwczpcL1wvd3d3LmZyYXVlbi12b24tc2Nob2Vuc3RhdHQuZGVcL3dwLWNvbnRlbnRcL3VwbG9hZHNcLzIwMTlcLzEyXC91ZWJlcl91bnNfRnJhdWVuX3Zvbl9TY2hvZW5zdGF0dF8xLmpwZyIsInNsaWRlc2hvdyI6IjM4Mjg3MDgifQ%3D%3D\">\t\t<div class=\"elementor-carousel-image\" role=\"img\" aria-label=\"ueber_uns_Frauen_von_Schoenstatt_1\" style=\"background-image: url(&#039;https:\/\/www.frauen-von-schoenstatt.de\/wp-content\/uploads\/2019\/12\/ueber_uns_Frauen_von_Schoenstatt_1-600x400.jpg&#039;)\">\n\n\t\t\t\n\t\t\t\t\t<\/div>\n\t\t<\/a>\t\t\t\t\t\t<\/div>\n\t\t\t\t\t\t\t\t\t\t\t<div class=\"swiper-slide\" role=\"group\" aria-roledescription=\"slide\">\n\t\t\t\t\t\t\t<a href=\"https:\/\/www.frauen-von-schoenstatt.de\/wp-content\/uploads\/2019\/12\/ueber_uns_Frauen_von_Schoenstatt_2.jpg\" data-elementor-open-lightbox=\"yes\" data-elementor-lightbox-slideshow=\"3828708\" data-elementor-lightbox-title=\"ueber_uns_Frauen_von_Schoenstatt_2\" data-e-action-hash=\"#elementor-action%3Aaction%3Dlightbox%26settings%3DeyJpZCI6NDc4LCJ1cmwiOiJodHRwczpcL1wvd3d3LmZyYXVlbi12b24tc2Nob2Vuc3RhdHQuZGVcL3dwLWNvbnRlbnRcL3VwbG9hZHNcLzIwMTlcLzEyXC91ZWJlcl91bnNfRnJhdWVuX3Zvbl9TY2hvZW5zdGF0dF8yLmpwZyIsInNsaWRlc2hvdyI6IjM4Mjg3MDgifQ%3D%3D\">\t\t<div class=\"elementor-carousel-image\" role=\"img\" aria-label=\"ueber_uns_Frauen_von_Schoenstatt_2\" style=\"background-image: url(&#039;https:\/\/www.frauen-von-schoenstatt.de\/wp-content\/uploads\/2019\/12\/ueber_uns_Frauen_von_Schoenstatt_2-600x400.jpg&#039;)\">\n\n\t\t\t\n\t\t\t\t\t<\/div>\n\t\t<\/a>\t\t\t\t\t\t<\/div>\n\t\t\t\t\t\t\t\t\t\t\t<div class=\"swiper-slide\" role=\"group\" aria-roledescription=\"slide\">\n\t\t\t\t\t\t\t<a href=\"https:\/\/www.frauen-von-schoenstatt.de\/wp-content\/uploads\/2019\/12\/ueber_uns_Frauen_von_Schoenstatt_3.jpg\" data-elementor-open-lightbox=\"yes\" data-elementor-lightbox-slideshow=\"3828708\" data-elementor-lightbox-title=\"ueber_uns_Frauen_von_Schoenstatt_3\" data-e-action-hash=\"#elementor-action%3Aaction%3Dlightbox%26settings%3DeyJpZCI6NDc5LCJ1cmwiOiJodHRwczpcL1wvd3d3LmZyYXVlbi12b24tc2Nob2Vuc3RhdHQuZGVcL3dwLWNvbnRlbnRcL3VwbG9hZHNcLzIwMTlcLzEyXC91ZWJlcl91bnNfRnJhdWVuX3Zvbl9TY2hvZW5zdGF0dF8zLmpwZyIsInNsaWRlc2hvdyI6IjM4Mjg3MDgifQ%3D%3D\">\t\t<div class=\"elementor-carousel-image\" role=\"img\" aria-label=\"ueber_uns_Frauen_von_Schoenstatt_3\" style=\"background-image: url(&#039;https:\/\/www.frauen-von-schoenstatt.de\/wp-content\/uploads\/2019\/12\/ueber_uns_Frauen_von_Schoenstatt_3-600x400.jpg&#039;)\">\n\n\t\t\t\n\t\t\t\t\t<\/div>\n\t\t<\/a>\t\t\t\t\t\t<\/div>\n\t\t\t\t\t\t\t\t\t\t\t<div class=\"swiper-slide\" role=\"group\" aria-roledescription=\"slide\">\n\t\t\t\t\t\t\t<a href=\"https:\/\/www.frauen-von-schoenstatt.de\/wp-content\/uploads\/2019\/12\/ueber_uns_Frauen_von_Schoenstatt_4.jpg\" data-elementor-open-lightbox=\"yes\" data-elementor-lightbox-slideshow=\"3828708\" data-elementor-lightbox-title=\"ueber_uns_Frauen_von_Schoenstatt_4\" data-e-action-hash=\"#elementor-action%3Aaction%3Dlightbox%26settings%3DeyJpZCI6NDgwLCJ1cmwiOiJodHRwczpcL1wvd3d3LmZyYXVlbi12b24tc2Nob2Vuc3RhdHQuZGVcL3dwLWNvbnRlbnRcL3VwbG9hZHNcLzIwMTlcLzEyXC91ZWJlcl91bnNfRnJhdWVuX3Zvbl9TY2hvZW5zdGF0dF80LmpwZyIsInNsaWRlc2hvdyI6IjM4Mjg3MDgifQ%3D%3D\">\t\t<div class=\"elementor-carousel-image\" role=\"img\" aria-label=\"ueber_uns_Frauen_von_Schoenstatt_4\" style=\"background-image: url(&#039;https:\/\/www.frauen-von-schoenstatt.de\/wp-content\/uploads\/2019\/12\/ueber_uns_Frauen_von_Schoenstatt_4-600x400.jpg&#039;)\">\n\n\t\t\t\n\t\t\t\t\t<\/div>\n\t\t<\/a>\t\t\t\t\t\t<\/div>\n\t\t\t\t\t\t\t\t\t\t\t<div class=\"swiper-slide\" role=\"group\" aria-roledescription=\"slide\">\n\t\t\t\t\t\t\t<a href=\"https:\/\/www.frauen-von-schoenstatt.de\/wp-content\/uploads\/2019\/12\/ueber_uns_Frauen_von_Schoenstatt_5.jpg\" data-elementor-open-lightbox=\"yes\" data-elementor-lightbox-slideshow=\"3828708\" data-elementor-lightbox-title=\"ueber_uns_Frauen_von_Schoenstatt_5\" data-e-action-hash=\"#elementor-action%3Aaction%3Dlightbox%26settings%3DeyJpZCI6NDgxLCJ1cmwiOiJodHRwczpcL1wvd3d3LmZyYXVlbi12b24tc2Nob2Vuc3RhdHQuZGVcL3dwLWNvbnRlbnRcL3VwbG9hZHNcLzIwMTlcLzEyXC91ZWJlcl91bnNfRnJhdWVuX3Zvbl9TY2hvZW5zdGF0dF81LmpwZyIsInNsaWRlc2hvdyI6IjM4Mjg3MDgifQ%3D%3D\">\t\t<div class=\"elementor-carousel-image\" role=\"img\" aria-label=\"ueber_uns_Frauen_von_Schoenstatt_5\" style=\"background-image: url(&#039;https:\/\/www.frauen-von-schoenstatt.de\/wp-content\/uploads\/2019\/12\/ueber_uns_Frauen_von_Schoenstatt_5-600x400.jpg&#039;)\">\n\n\t\t\t\n\t\t\t\t\t<\/div>\n\t\t<\/a>\t\t\t\t\t\t<\/div>\n\t\t\t\t\t\t\t\t\t\t\t<div class=\"swiper-slide\" role=\"group\" aria-roledescription=\"slide\">\n\t\t\t\t\t\t\t<a href=\"https:\/\/www.frauen-von-schoenstatt.de\/wp-content\/uploads\/2019\/12\/ueber_uns_Frauen_von_Schoenstatt_6.jpg\" data-elementor-open-lightbox=\"yes\" data-elementor-lightbox-slideshow=\"3828708\" data-elementor-lightbox-title=\"ueber_uns_Frauen_von_Schoenstatt_6\" data-e-action-hash=\"#elementor-action%3Aaction%3Dlightbox%26settings%3DeyJpZCI6NDgyLCJ1cmwiOiJodHRwczpcL1wvd3d3LmZyYXVlbi12b24tc2Nob2Vuc3RhdHQuZGVcL3dwLWNvbnRlbnRcL3VwbG9hZHNcLzIwMTlcLzEyXC91ZWJlcl91bnNfRnJhdWVuX3Zvbl9TY2hvZW5zdGF0dF82LmpwZyIsInNsaWRlc2hvdyI6IjM4Mjg3MDgifQ%3D%3D\">\t\t<div class=\"elementor-carousel-image\" role=\"img\" aria-label=\"ueber_uns_Frauen_von_Schoenstatt_6\" style=\"background-image: url(&#039;https:\/\/www.frauen-von-schoenstatt.de\/wp-content\/uploads\/2019\/12\/ueber_uns_Frauen_von_Schoenstatt_6-600x400.jpg&#039;)\">\n\n\t\t\t\n\t\t\t\t\t<\/div>\n\t\t<\/a>\t\t\t\t\t\t<\/div>\n\t\t\t\t\t\t\t\t\t\t\t<div class=\"swiper-slide\" role=\"group\" aria-roledescription=\"slide\">\n\t\t\t\t\t\t\t\t\t<div class=\"elementor-carousel-image\" role=\"img\" aria-label=\"ueber_uns_Frauen_von_Schoenstatt_7\" style=\"background-image: url(&#039;https:\/\/www.frauen-von-schoenstatt.de\/wp-content\/uploads\/2019\/12\/ueber_uns_Frauen_von_Schoenstatt_7-600x400.jpg&#039;)\">\n\n\t\t\t\n\t\t\t\t\t<\/div>\n\t\t\t\t\t\t\t\t<\/div>\n\t\t\t\t\t\t\t\t\t\t\t<div class=\"swiper-slide\" role=\"group\" aria-roledescription=\"slide\">\n\t\t\t\t\t\t\t\t\t<div class=\"elementor-carousel-image\" role=\"img\" aria-label=\"ueber_uns_Frauen_von_Schoenstatt_8\" style=\"background-image: url(&#039;https:\/\/www.frauen-von-schoenstatt.de\/wp-content\/uploads\/2019\/12\/ueber_uns_Frauen_von_Schoenstatt_8-600x400.jpg&#039;)\">\n\n\t\t\t\n\t\t\t\t\t<\/div>\n\t\t\t\t\t\t\t\t<\/div>\n\t\t\t\t\t\t\t\t\t\t\t<div class=\"swiper-slide\" role=\"group\" aria-roledescription=\"slide\">\n\t\t\t\t\t\t\t\t\t<div class=\"elementor-carousel-image\" role=\"img\" aria-label=\"ueber_uns_Frauen_von_Schoenstatt_9\" style=\"background-image: url(&#039;https:\/\/www.frauen-von-schoenstatt.de\/wp-content\/uploads\/2019\/12\/ueber_uns_Frauen_von_Schoenstatt_9-600x400.jpg&#039;)\">\n\n\t\t\t\n\t\t\t\t\t<\/div>\n\t\t\t\t\t\t\t\t<\/div>\n\t\t\t\t\t\t\t\t\t\t\t<div class=\"swiper-slide\" role=\"group\" aria-roledescription=\"slide\">\n\t\t\t\t\t\t\t\t\t<div class=\"elementor-carousel-image\" role=\"img\" aria-label=\"ueber_uns_Frauen_von_Schoenstatt_10\" style=\"background-image: url(&#039;https:\/\/www.frauen-von-schoenstatt.de\/wp-content\/uploads\/2019\/12\/ueber_uns_Frauen_von_Schoenstatt_10-600x400.jpg&#039;)\">\n\n\t\t\t\n\t\t\t\t\t<\/div>\n\t\t\t\t\t\t\t\t<\/div>\n\t\t\t\t\t\t\t\t\t\t\t<div class=\"swiper-slide\" role=\"group\" aria-roledescription=\"slide\">\n\t\t\t\t\t\t\t\t\t<div class=\"elementor-carousel-image\" role=\"img\" aria-label=\"ueber_uns_Frauen_von_Schoenstatt_11\" style=\"background-image: url(&#039;https:\/\/www.frauen-von-schoenstatt.de\/wp-content\/uploads\/2019\/12\/ueber_uns_Frauen_von_Schoenstatt_11-600x400.jpg&#039;)\">\n\n\t\t\t\n\t\t\t\t\t<\/div>\n\t\t\t\t\t\t\t\t<\/div>\n\t\t\t\t\t\t\t\t\t\t\t<div class=\"swiper-slide\" role=\"group\" aria-roledescription=\"slide\">\n\t\t\t\t\t\t\t\t\t<div class=\"elementor-carousel-image\" role=\"img\" aria-label=\"ueber_uns_Frauen_von_Schoenstatt_12\" style=\"background-image: url(&#039;https:\/\/www.frauen-von-schoenstatt.de\/wp-content\/uploads\/2019\/12\/ueber_uns_Frauen_von_Schoenstatt_12-600x400.jpg&#039;)\">\n\n\t\t\t\n\t\t\t\t\t<\/div>\n\t\t\t\t\t\t\t\t<\/div>\n\t\t\t\t\t\t\t\t\t<\/div>\n\t\t\t\t\t\t\t\t\t\t\t\t\t\t\t<div class=\"elementor-swiper-button elementor-swiper-button-prev\" role=\"button\" tabindex=\"0\" aria-label=\"Anterior\">\n\t\t\t\t\t\t\t<i aria-hidden=\"true\" class=\"eicon-chevron-left\"><\/i>\t\t\t\t\t\t<\/div>\n\t\t\t\t\t\t<div class=\"elementor-swiper-button elementor-swiper-button-next\" role=\"button\" tabindex=\"0\" aria-label=\"Siguiente\">\n\t\t\t\t\t\t\t<i aria-hidden=\"true\" class=\"eicon-chevron-right\"><\/i>\t\t\t\t\t\t<\/div>\n\t\t\t\t\t\t\t\t\t\t\t\t\t\t\t\t<div class=\"swiper-pagination\"><\/div>\n\t\t\t\t\t\t\t\t\t\t\t\t<\/div>\n\t\t\t\t<\/div>\n\t\t\t\t\t\t\t\t<\/div>\n\t\t\t\t<\/div>\n\t\t\t\t\t<\/div>\n\t\t<\/div>\n\t\t\t\t\t<\/div>\n\t\t<\/section>\n\t\t\t\t<section class=\"elementor-section elementor-top-section elementor-element elementor-element-2475219 elementor-section-boxed elementor-section-height-default elementor-section-height-default elementor-columns-alignment-fix-enabled\" data-id=\"2475219\" data-element_type=\"section\" data-e-type=\"section\">\n\t\t\t\t\t\t<div class=\"elementor-container elementor-column-gap-default\">\n\t\t\t\t\t<div class=\"elementor-column elementor-col-100 elementor-top-column elementor-element elementor-element-81f475d\" data-id=\"81f475d\" data-element_type=\"column\" data-e-type=\"column\">\n\t\t\t<div class=\"elementor-widget-wrap elementor-element-populated\">\n\t\t\t\t\t\t<div class=\"elementor-element elementor-element-323804a elementor-widget elementor-widget-heading\" data-id=\"323804a\" data-element_type=\"widget\" data-e-type=\"widget\" data-widget_type=\"heading.default\">\n\t\t\t\t<div class=\"elementor-widget-container\">\n\t\t\t\t\t<h2 class=\"elementor-heading-title elementor-size-default\">\u00bfC\u00f3mo vivimos?<\/h2>\t\t\t\t<\/div>\n\t\t\t\t<\/div>\n\t\t\t\t<div class=\"elementor-element elementor-element-aa129e9 elementor-widget elementor-widget-text-editor\" data-id=\"aa129e9\" data-element_type=\"widget\" data-e-type=\"widget\" data-widget_type=\"text-editor.default\">\n\t\t\t\t<div class=\"elementor-widget-container\">\n\t\t\t\t\t\t\t\t\t<p>Como la gran mayor\u00eda de las que formamos nuestro instituto, vivimos en nuestras propias casas desde donde ejercemos nuestra profesi\u00f3n y apostolado. Los contactos personales, los encuentros peri\u00f3dicos y el acompa\u00f1amiento espiritual continuo resultan ayudas irrenunciables. La fuerza para estar a la altura de este m\u00faltiple compromiso la obtenemos tanto de la identificaci\u00f3n con la misi\u00f3n del Instituto como de la fuerte vinculaci\u00f3n a la comunidad, que se comprende a s\u00ed misma como familia.<\/p>\t\t\t\t\t\t\t\t<\/div>\n\t\t\t\t<\/div>\n\t\t\t\t\t<\/div>\n\t\t<\/div>\n\t\t\t\t\t<\/div>\n\t\t<\/section>\n\t\t\t\t<section class=\"elementor-section elementor-top-section elementor-element elementor-element-9dc4e8b elementor-section-boxed elementor-section-height-default elementor-section-height-default elementor-columns-alignment-fix-enabled\" data-id=\"9dc4e8b\" data-element_type=\"section\" data-e-type=\"section\">\n\t\t\t\t\t\t<div class=\"elementor-container elementor-column-gap-wide\">\n\t\t\t\t\t<div class=\"elementor-column elementor-col-50 elementor-top-column elementor-element elementor-element-8e10814\" data-id=\"8e10814\" data-element_type=\"column\" data-e-type=\"column\">\n\t\t\t<div class=\"elementor-widget-wrap elementor-element-populated\">\n\t\t\t\t\t\t<div class=\"elementor-element elementor-element-18c2459 elementor-cta--skin-classic elementor-animated-content elementor-bg-transform elementor-bg-transform-zoom-in elementor-widget elementor-widget-call-to-action\" data-id=\"18c2459\" data-element_type=\"widget\" data-e-type=\"widget\" data-widget_type=\"call-to-action.default\">\n\t\t\t\t<div class=\"elementor-widget-container\">\n\t\t\t\t\t\t\t<a class=\"elementor-cta\" href=\"https:\/\/www.frauen-von-schoenstatt.de\/es\/sobre-nosotras\/nuestra-historia\/\">\n\t\t\t\t\t<div class=\"elementor-cta__bg-wrapper\">\n\t\t\t\t<div class=\"elementor-cta__bg elementor-bg\" style=\"background-image: url(https:\/\/www.frauen-von-schoenstatt.de\/wp-content\/uploads\/2019\/07\/JK261265-768x526.jpg);\" role=\"img\" aria-label=\"JK261265\"><\/div>\n\t\t\t\t<div class=\"elementor-cta__bg-overlay\"><\/div>\n\t\t\t<\/div>\n\t\t\t\t\t\t\t<div class=\"elementor-cta__content\">\n\t\t\t\t\n\t\t\t\t\t\t\t\t\t<h2 class=\"elementor-cta__title elementor-cta__content-item elementor-content-item\">\n\t\t\t\t\t\tNuestra historia\t\t\t\t\t<\/h2>\n\t\t\t\t\n\t\t\t\t\n\t\t\t\t\t\t\t\t\t<div class=\"elementor-cta__button-wrapper elementor-cta__content-item elementor-content-item \">\n\t\t\t\t\t<span class=\"elementor-cta__button elementor-button elementor-size-md\">\n\t\t\t\t\t\tM\u00e1s informaci\u00f3n\t\t\t\t\t<\/span>\n\t\t\t\t\t<\/div>\n\t\t\t\t\t\t\t<\/div>\n\t\t\t\t\t\t<\/a>\n\t\t\t\t\t\t<\/div>\n\t\t\t\t<\/div>\n\t\t\t\t\t<\/div>\n\t\t<\/div>\n\t\t\t\t<div class=\"elementor-column elementor-col-50 elementor-top-column elementor-element elementor-element-4fe4688\" data-id=\"4fe4688\" data-element_type=\"column\" data-e-type=\"column\">\n\t\t\t<div class=\"elementor-widget-wrap elementor-element-populated\">\n\t\t\t\t\t\t<div class=\"elementor-element elementor-element-6730693 elementor-cta--skin-classic elementor-animated-content elementor-bg-transform elementor-bg-transform-zoom-in elementor-widget elementor-widget-call-to-action\" data-id=\"6730693\" data-element_type=\"widget\" data-e-type=\"widget\" data-widget_type=\"call-to-action.default\">\n\t\t\t\t<div class=\"elementor-widget-container\">\n\t\t\t\t\t\t\t<a class=\"elementor-cta\" href=\"https:\/\/www.frauen-von-schoenstatt.de\/es\/sobre-nosotras\/el-fundador-y-las-cofundadoras\/\">\n\t\t\t\t\t<div class=\"elementor-cta__bg-wrapper\">\n\t\t\t\t<div class=\"elementor-cta__bg elementor-bg\" style=\"background-image: url(https:\/\/www.frauen-von-schoenstatt.de\/wp-content\/uploads\/2019\/07\/Hilfrich_Schm\u00e4h_mitanderen-1024x573.jpg);\" role=\"img\" aria-label=\"Hilfrich_Schm\u00e4h_mitanderen\"><\/div>\n\t\t\t\t<div class=\"elementor-cta__bg-overlay\"><\/div>\n\t\t\t<\/div>\n\t\t\t\t\t\t\t<div class=\"elementor-cta__content\">\n\t\t\t\t\n\t\t\t\t\t\t\t\t\t<h2 class=\"elementor-cta__title elementor-cta__content-item elementor-content-item\">\n\t\t\t\t\t\tEl fundador y las cofundadoras\t\t\t\t\t<\/h2>\n\t\t\t\t\n\t\t\t\t\n\t\t\t\t\t\t\t\t\t<div class=\"elementor-cta__button-wrapper elementor-cta__content-item elementor-content-item \">\n\t\t\t\t\t<span class=\"elementor-cta__button elementor-button elementor-size-md\">\n\t\t\t\t\t\tM\u00e1s informaci\u00f3n\t\t\t\t\t<\/span>\n\t\t\t\t\t<\/div>\n\t\t\t\t\t\t\t<\/div>\n\t\t\t\t\t\t<\/a>\n\t\t\t\t\t\t<\/div>\n\t\t\t\t<\/div>\n\t\t\t\t\t<\/div>\n\t\t<\/div>\n\t\t\t\t\t<\/div>\n\t\t<\/section>\n\t\t\t\t<\/div>\n\t\t","protected":false},"excerpt":{"rendered":"<p>Sobre nosotras \u00abNuestro lugar est\u00e1 en las calles\u2026 Nos hacemos presentes en medio del mundo\u00bb: con esas palabras expres\u00f3 nuestro fundador, P. Jos\u00e9 Kentenich, lo que \u00e9l quer\u00eda con el Instituto Secular \u00abNuestra Se\u00f1ora de Schoenstatt\u00bb: vida consagrada seg\u00fan los consejos evang\u00e9licos (pobreza, castidad, obediencia), y eso en medio del mundo, en una sociedad globalizada &#8230; <a title=\"Sobre nosotras\" class=\"read-more\" href=\"https:\/\/www.frauen-von-schoenstatt.de\/es\/sobre-nosotras\/\" aria-label=\"Leer m\u00e1s sobre Sobre nosotras\">Leer m\u00e1s<\/a><\/p>\n","protected":false},"author":1,"featured_media":906,"parent":0,"menu_order":1,"comment_status":"closed","ping_status":"closed","template":"","meta":{"_acf_changed":false,"footnotes":""},"class_list":["post-1042","page","type-page","status-publish","has-post-thumbnail"],"acf":[],"_links":{"self":[{"href":"https:\/\/www.frauen-von-schoenstatt.de\/es\/wp-json\/wp\/v2\/pages\/1042","targetHints":{"allow":["GET"]}}],"collection":[{"href":"https:\/\/www.frauen-von-schoenstatt.de\/es\/wp-json\/wp\/v2\/pages"}],"about":[{"href":"https:\/\/www.frauen-von-schoenstatt.de\/es\/wp-json\/wp\/v2\/types\/page"}],"author":[{"embeddable":true,"href":"https:\/\/www.frauen-von-schoenstatt.de\/es\/wp-json\/wp\/v2\/users\/1"}],"replies":[{"embeddable":true,"href":"https:\/\/www.frauen-von-schoenstatt.de\/es\/wp-json\/wp\/v2\/comments?post=1042"}],"version-history":[{"count":22,"href":"https:\/\/www.frauen-von-schoenstatt.de\/es\/wp-json\/wp\/v2\/pages\/1042\/revisions"}],"predecessor-version":[{"id":1420,"href":"https:\/\/www.frauen-von-schoenstatt.de\/es\/wp-json\/wp\/v2\/pages\/1042\/revisions\/1420"}],"wp:featuredmedia":[{"embeddable":true,"href":"https:\/\/www.frauen-von-schoenstatt.de\/es\/wp-json\/wp\/v2\/media\/906"}],"wp:attachment":[{"href":"https:\/\/www.frauen-von-schoenstatt.de\/es\/wp-json\/wp\/v2\/media?parent=1042"}],"curies":[{"name":"wp","href":"https:\/\/api.w.org\/{rel}","templated":true}]}}